{"id":20299,"date":"2020-05-17T04:32:31","date_gmt":"2020-05-17T02:32:31","guid":{"rendered":"https:\/\/softlinefurniture.com\/product\/basket-hocker\/"},"modified":"2026-03-12T09:51:50","modified_gmt":"2026-03-12T08:51:50","slug":"basket-hocker","status":"publish","type":"product","link":"https:\/\/softlinefurniture.com\/de\/produkt\/basket-hocker\/","title":{"rendered":"BASKET Hocker"},"content":{"rendered":"<p><strong>Farbenfrohe Strandk\u00f6rbe<\/strong><br \/>\nInspiriert von funktionalen Strandk\u00f6rben ist BASKET als integriertes modulares System mit zwei verschiedenen R\u00fcckenh\u00f6hen konzipiert. So k\u00f6nnen Sie Ihr Sitzm\u00f6bel ganz nach Ihren W\u00fcnschen gestalten und anpassen. Das intelligente Sofa ist ein gro\u00dfartiger Rahmen f\u00fcr eine intime und gem\u00fctliche Zeit allein &#8211; oder mit Freunden, Familie oder Kollegen. Den BASKET-Sessel gibt es mit drehbarem oder festem Fu\u00df. Die BASKET-Poufs k\u00f6nnen als Fu\u00dfst\u00fctze oder Beistelltisch verwendet werden.<\/p>\n","protected":false},"excerpt":{"rendered":"<p>Farbenfrohe Strandk\u00f6rbe Inspiriert von funktionalen Strandk\u00f6rben ist BASKET als integriertes modulares System mit zwei verschiedenen R\u00fcckenh\u00f6hen konzipiert. So k\u00f6nnen Sie Ihr Sitzm\u00f6bel ganz nach Ihren W\u00fcnschen gestalten und anpassen. Das intelligente Sofa ist ein gro\u00dfartiger Rahmen f\u00fcr eine intime und gem\u00fctliche Zeit allein &#8211; oder mit Freunden, Familie oder Kollegen. Den BASKET-Sessel gibt es mit [&hellip;]<\/p>\n","protected":false},"featured_media":89553,"comment_status":"closed","ping_status":"closed","template":"","meta":{"_acf_changed":false},"product_brand":[48309],"product_cat":[6253],"product_tag":[],"class_list":{"0":"post-20299","1":"product","2":"type-product","3":"status-publish","4":"has-post-thumbnail","6":"product_brand-basket","7":"product_cat-pouf-hocker","8":"pa_covers-abnehmbare-bezuge-reinigung-bezuge-mit-dem-symbol-p-konnen-chemisch-gereinigt-werden-ersatzbezuge-sind-lieferbar-wenn-sie-eine-neue-farbe-oder-einen-neuen-stoff-mochten-de","10":"first","11":"instock","12":"shipping-taxable","13":"purchasable","14":"product-type-variable"},"acf":[],"_links":{"self":[{"href":"https:\/\/softlinefurniture.com\/de\/wp-json\/wp\/v2\/product\/20299","targetHints":{"allow":["GET"]}}],"collection":[{"href":"https:\/\/softlinefurniture.com\/de\/wp-json\/wp\/v2\/product"}],"about":[{"href":"https:\/\/softlinefurniture.com\/de\/wp-json\/wp\/v2\/types\/product"}],"replies":[{"embeddable":true,"href":"https:\/\/softlinefurniture.com\/de\/wp-json\/wp\/v2\/comments?post=20299"}],"version-history":[{"count":0,"href":"https:\/\/softlinefurniture.com\/de\/wp-json\/wp\/v2\/product\/20299\/revisions"}],"wp:featuredmedia":[{"embeddable":true,"href":"https:\/\/softlinefurniture.com\/de\/wp-json\/wp\/v2\/media\/89553"}],"wp:attachment":[{"href":"https:\/\/softlinefurniture.com\/de\/wp-json\/wp\/v2\/media?parent=20299"}],"wp:term":[{"taxonomy":"product_brand","embeddable":true,"href":"https:\/\/softlinefurniture.com\/de\/wp-json\/wp\/v2\/product_brand?post=20299"},{"taxonomy":"product_cat","embeddable":true,"href":"https:\/\/softlinefurniture.com\/de\/wp-json\/wp\/v2\/product_cat?post=20299"},{"taxonomy":"product_tag","embeddable":true,"href":"https:\/\/softlinefurniture.com\/de\/wp-json\/wp\/v2\/product_tag?post=20299"}],"curies":[{"name":"wp","href":"https:\/\/api.w.org\/{rel}","templated":true}]}}