{"id":20730,"date":"2020-06-08T02:07:06","date_gmt":"2020-06-08T00:07:06","guid":{"rendered":"https:\/\/softlinefurniture.com\/product\/java-sessel\/"},"modified":"2026-03-13T09:38:35","modified_gmt":"2026-03-13T08:38:35","slug":"java-sessel","status":"publish","type":"product","link":"https:\/\/softlinefurniture.com\/de\/produkt\/java-sessel\/","title":{"rendered":"JAVA Sessel"},"content":{"rendered":"<p><strong>Zeit zum Nachdenken<\/strong><br \/>\nDie Sitzfl\u00e4che sowie die R\u00fcckenlehne des JAVA-Stuhls spiegeln sich ineinander und schaffen so ein weiches, einladendes Design. Das leichte und filigrane Metallgestell verleiht diesem ger\u00e4umigen Stuhl ein sch\u00f6nes Gleichgewicht. JAVA kann sowohl in privaten als auch in \u00f6ffentlichen R\u00e4umen verwendet werden. Dank der Details am R\u00fcckenrahmen und des integrierten Designs von R\u00fcckenlehne und Sitzfl\u00e4che kann er \u00fcberall im Raum platziert werden. Sch\u00f6n allein oder in einer Gruppe.<\/p>\n","protected":false},"excerpt":{"rendered":"<p>Zeit zum Nachdenken Die Sitzfl\u00e4che sowie die R\u00fcckenlehne des JAVA-Stuhls spiegeln sich ineinander und schaffen so ein weiches, einladendes Design. Das leichte und filigrane Metallgestell verleiht diesem ger\u00e4umigen Stuhl ein sch\u00f6nes Gleichgewicht. JAVA kann sowohl in privaten als auch in \u00f6ffentlichen R\u00e4umen verwendet werden. Dank der Details am R\u00fcckenrahmen und des integrierten Designs von R\u00fcckenlehne [&hellip;]<\/p>\n","protected":false},"featured_media":114729,"comment_status":"closed","ping_status":"closed","template":"","meta":{"_acf_changed":false},"product_brand":[48492],"product_cat":[6249],"product_tag":[],"class_list":{"0":"post-20730","1":"product","2":"type-product","3":"status-publish","4":"has-post-thumbnail","6":"product_brand-java","7":"product_cat-lounge-sessel","9":"first","10":"instock","11":"shipping-taxable","12":"purchasable","13":"product-type-variable"},"acf":[],"_links":{"self":[{"href":"https:\/\/softlinefurniture.com\/de\/wp-json\/wp\/v2\/product\/20730","targetHints":{"allow":["GET"]}}],"collection":[{"href":"https:\/\/softlinefurniture.com\/de\/wp-json\/wp\/v2\/product"}],"about":[{"href":"https:\/\/softlinefurniture.com\/de\/wp-json\/wp\/v2\/types\/product"}],"replies":[{"embeddable":true,"href":"https:\/\/softlinefurniture.com\/de\/wp-json\/wp\/v2\/comments?post=20730"}],"version-history":[{"count":0,"href":"https:\/\/softlinefurniture.com\/de\/wp-json\/wp\/v2\/product\/20730\/revisions"}],"wp:featuredmedia":[{"embeddable":true,"href":"https:\/\/softlinefurniture.com\/de\/wp-json\/wp\/v2\/media\/114729"}],"wp:attachment":[{"href":"https:\/\/softlinefurniture.com\/de\/wp-json\/wp\/v2\/media?parent=20730"}],"wp:term":[{"taxonomy":"product_brand","embeddable":true,"href":"https:\/\/softlinefurniture.com\/de\/wp-json\/wp\/v2\/product_brand?post=20730"},{"taxonomy":"product_cat","embeddable":true,"href":"https:\/\/softlinefurniture.com\/de\/wp-json\/wp\/v2\/product_cat?post=20730"},{"taxonomy":"product_tag","embeddable":true,"href":"https:\/\/softlinefurniture.com\/de\/wp-json\/wp\/v2\/product_tag?post=20730"}],"curies":[{"name":"wp","href":"https:\/\/api.w.org\/{rel}","templated":true}]}}