{"id":21789,"date":"2020-06-12T07:35:58","date_gmt":"2020-06-12T05:35:58","guid":{"rendered":"https:\/\/softlinefurniture.com\/product\/ohio-hocker\/"},"modified":"2026-03-13T10:43:40","modified_gmt":"2026-03-13T09:43:40","slug":"ohio-hocker","status":"publish","type":"product","link":"https:\/\/softlinefurniture.com\/de\/produkt\/ohio-hocker\/","title":{"rendered":"OHIO Hocker"},"content":{"rendered":"<p><strong>Zeitloser Stil <\/strong><br \/>\nDas modulare Konzept von OHIO erlaubt es Ihnen, die einzelnen Einheiten in allen m\u00f6glichen Formen und Variationen zu kombinieren. Es mag minimalistisch aussehen, aber die M\u00f6glichkeiten sind endlos. Ein klassisches SOFTLINE Design, das Funktion, Kreativit\u00e4t und Design vereint.<\/p>\n","protected":false},"excerpt":{"rendered":"<p>Zeitloser Stil Das modulare Konzept von OHIO erlaubt es Ihnen, die einzelnen Einheiten in allen m\u00f6glichen Formen und Variationen zu kombinieren. Es mag minimalistisch aussehen, aber die M\u00f6glichkeiten sind endlos. Ein klassisches SOFTLINE Design, das Funktion, Kreativit\u00e4t und Design vereint.<\/p>\n","protected":false},"featured_media":14250,"comment_status":"closed","ping_status":"closed","template":"","meta":{"_acf_changed":false},"product_brand":[48612],"product_cat":[6253],"product_tag":[],"class_list":{"0":"post-21789","1":"product","2":"type-product","3":"status-publish","4":"has-post-thumbnail","6":"product_brand-ohio","7":"product_cat-pouf-hocker","8":"pa_covers-reinigung-bezuge-mit-dem-symbol-p-konnen-chemisch-gereinigt-werden-ersatzbezuge-sind-lieferbar-wenn-sie-eine-neue-farbe-oder-einen-neuen-stoff-mochten-de","10":"first","11":"instock","12":"shipping-taxable","13":"purchasable","14":"product-type-variable"},"acf":[],"_links":{"self":[{"href":"https:\/\/softlinefurniture.com\/de\/wp-json\/wp\/v2\/product\/21789","targetHints":{"allow":["GET"]}}],"collection":[{"href":"https:\/\/softlinefurniture.com\/de\/wp-json\/wp\/v2\/product"}],"about":[{"href":"https:\/\/softlinefurniture.com\/de\/wp-json\/wp\/v2\/types\/product"}],"replies":[{"embeddable":true,"href":"https:\/\/softlinefurniture.com\/de\/wp-json\/wp\/v2\/comments?post=21789"}],"version-history":[{"count":0,"href":"https:\/\/softlinefurniture.com\/de\/wp-json\/wp\/v2\/product\/21789\/revisions"}],"wp:featuredmedia":[{"embeddable":true,"href":"https:\/\/softlinefurniture.com\/de\/wp-json\/wp\/v2\/media\/14250"}],"wp:attachment":[{"href":"https:\/\/softlinefurniture.com\/de\/wp-json\/wp\/v2\/media?parent=21789"}],"wp:term":[{"taxonomy":"product_brand","embeddable":true,"href":"https:\/\/softlinefurniture.com\/de\/wp-json\/wp\/v2\/product_brand?post=21789"},{"taxonomy":"product_cat","embeddable":true,"href":"https:\/\/softlinefurniture.com\/de\/wp-json\/wp\/v2\/product_cat?post=21789"},{"taxonomy":"product_tag","embeddable":true,"href":"https:\/\/softlinefurniture.com\/de\/wp-json\/wp\/v2\/product_tag?post=21789"}],"curies":[{"name":"wp","href":"https:\/\/api.w.org\/{rel}","templated":true}]}}