{"id":21845,"date":"2020-06-13T06:09:10","date_gmt":"2020-06-13T04:09:10","guid":{"rendered":"https:\/\/softlinefurniture.com\/product\/lotus-single-element\/"},"modified":"2026-03-13T10:11:27","modified_gmt":"2026-03-13T09:11:27","slug":"lotus-einzelelement","status":"publish","type":"product","link":"https:\/\/softlinefurniture.com\/de\/produkt\/lotus-einzelelement\/","title":{"rendered":"LOTUS Einzelelement"},"content":{"rendered":"<p><strong>Kreativer Minimalismus<\/strong><br \/>\nKlare und einfache Linien schaffen ein Gef\u00fchl der Gelassenheit, das LOTUS zur offensichtlichen Wahl f\u00fcr moderne Privath\u00e4user und \u00f6ffentliche Umgebungen macht. Es gibt unendlich viele M\u00f6glichkeiten, verschiedene Elemente zu kombinieren. Es l\u00e4dt Sie ein, kreativ zu sein und Ihren pers\u00f6nlichen Stil auszudr\u00fccken. Im Film &#8220;Sex and the City&#8221; zu sehen.<\/p>\n","protected":false},"excerpt":{"rendered":"<p>Kreativer Minimalismus Klare und einfache Linien schaffen ein Gef\u00fchl der Gelassenheit, das LOTUS zur offensichtlichen Wahl f\u00fcr moderne Privath\u00e4user und \u00f6ffentliche Umgebungen macht. Es gibt unendlich viele M\u00f6glichkeiten, verschiedene Elemente zu kombinieren. Es l\u00e4dt Sie ein, kreativ zu sein und Ihren pers\u00f6nlichen Stil auszudr\u00fccken. Im Film &#8220;Sex and the City&#8221; zu sehen.<\/p>\n","protected":false},"featured_media":14345,"comment_status":"closed","ping_status":"closed","template":"","meta":{"_acf_changed":false},"product_brand":[48512],"product_cat":[6249,6256,6247],"product_tag":[],"class_list":{"0":"post-21845","1":"product","2":"type-product","3":"status-publish","4":"has-post-thumbnail","6":"product_brand-lotus","7":"product_cat-lounge-sessel","8":"product_cat-modulsofas","9":"product_cat-sessel","10":"pa_covers-reinigung-bezuge-mit-dem-symbol-p-konnen-chemisch-gereinigt-werden-ersatzbezuge-sind-lieferbar-wenn-sie-eine-neue-farbe-oder-einen-neuen-stoff-mochten-de","12":"first","13":"instock","14":"shipping-taxable","15":"purchasable","16":"product-type-variable"},"acf":[],"_links":{"self":[{"href":"https:\/\/softlinefurniture.com\/de\/wp-json\/wp\/v2\/product\/21845","targetHints":{"allow":["GET"]}}],"collection":[{"href":"https:\/\/softlinefurniture.com\/de\/wp-json\/wp\/v2\/product"}],"about":[{"href":"https:\/\/softlinefurniture.com\/de\/wp-json\/wp\/v2\/types\/product"}],"replies":[{"embeddable":true,"href":"https:\/\/softlinefurniture.com\/de\/wp-json\/wp\/v2\/comments?post=21845"}],"version-history":[{"count":0,"href":"https:\/\/softlinefurniture.com\/de\/wp-json\/wp\/v2\/product\/21845\/revisions"}],"wp:featuredmedia":[{"embeddable":true,"href":"https:\/\/softlinefurniture.com\/de\/wp-json\/wp\/v2\/media\/14345"}],"wp:attachment":[{"href":"https:\/\/softlinefurniture.com\/de\/wp-json\/wp\/v2\/media?parent=21845"}],"wp:term":[{"taxonomy":"product_brand","embeddable":true,"href":"https:\/\/softlinefurniture.com\/de\/wp-json\/wp\/v2\/product_brand?post=21845"},{"taxonomy":"product_cat","embeddable":true,"href":"https:\/\/softlinefurniture.com\/de\/wp-json\/wp\/v2\/product_cat?post=21845"},{"taxonomy":"product_tag","embeddable":true,"href":"https:\/\/softlinefurniture.com\/de\/wp-json\/wp\/v2\/product_tag?post=21845"}],"curies":[{"name":"wp","href":"https:\/\/api.w.org\/{rel}","templated":true}]}}