{"id":21852,"date":"2020-06-07T04:56:38","date_gmt":"2020-06-07T02:56:38","guid":{"rendered":"https:\/\/softlinefurniture.com\/product\/cabala-sofa-element\/"},"modified":"2025-07-08T10:12:31","modified_gmt":"2025-07-08T08:12:31","slug":"cabala-sofa-element","status":"publish","type":"product","link":"https:\/\/softlinefurniture.com\/de\/produkt\/cabala-sofa-element\/","title":{"rendered":"CABALA Sofa Element"},"content":{"rendered":"<p><strong>Arrangieren Sie es, wie Sie wollen<\/strong><br \/>\nCABALA ist ein intelligentes Modulsofaprogramm mit unendlichen M\u00f6glichkeiten des Anordnens und Gruppierens.<\/p>\n<p>Mit einer einzigartigen Funktion l\u00e4sst sich die Sitzausrichtung im Handumdrehen \u00e4ndern und es ist m\u00f6glich, zwei verschiedene Sitzrichtungen auf einmal zu schaffen \u2013 z. B. eine zum Fenster und eine zum Kamin, Fernseher oder Kunstwerk. Durch leichtes Dr\u00fccken oder Ziehen an der R\u00fcckenlehne l\u00e4sst sich diese auf die eine oder andere Seite klappen. Diese integrierte Funktion erm\u00f6glicht es, auf beiden Seiten des Sockels zu sitzen, je nachdem wie die R\u00fcckenlehne angeordnet ist.<\/p>\n<p>Durch diese Vielfalt eignet sich CABALA perfekt f\u00fcr Hotels, Museen, Wartebereiche und nat\u00fcrlich auch f\u00fcr Wohnr\u00e4ume. Die abgerundeten Ecken des Designs sorgen f\u00fcr einen klaren Look mit moderner Kante und die hochwertigen Polsterdetails runden den Look ab.<\/p>\n<p>Ausgezeichnet mit dem Good Design Award 2018<\/p>\n","protected":false},"excerpt":{"rendered":"<p>Arrangieren Sie es, wie Sie wollen CABALA ist ein intelligentes Modulsofaprogramm mit unendlichen M\u00f6glichkeiten des Anordnens und Gruppierens. Mit einer einzigartigen Funktion l\u00e4sst sich die Sitzausrichtung im Handumdrehen \u00e4ndern und es ist m\u00f6glich, zwei verschiedene Sitzrichtungen auf einmal zu schaffen \u2013 z. B. eine zum Fenster und eine zum Kamin, Fernseher oder Kunstwerk. Durch leichtes [&hellip;]<\/p>\n","protected":false},"featured_media":84751,"comment_status":"closed","ping_status":"closed","template":"","meta":{"_acf_changed":false},"product_brand":[48348],"product_cat":[6256],"product_tag":[],"class_list":{"0":"post-21852","1":"product","2":"type-product","3":"status-publish","4":"has-post-thumbnail","6":"product_brand-cabala","7":"product_cat-modulsofas","8":"pa_covers-reinigung-bezuge-mit-dem-symbol-p-konnen-chemisch-gereinigt-werden-ersatzbezuge-sind-lieferbar-wenn-sie-eine-neue-farbe-oder-einen-neuen-stoff-mochten-de","10":"first","11":"instock","12":"shipping-taxable","13":"purchasable","14":"product-type-variable"},"acf":[],"_links":{"self":[{"href":"https:\/\/softlinefurniture.com\/de\/wp-json\/wp\/v2\/product\/21852","targetHints":{"allow":["GET"]}}],"collection":[{"href":"https:\/\/softlinefurniture.com\/de\/wp-json\/wp\/v2\/product"}],"about":[{"href":"https:\/\/softlinefurniture.com\/de\/wp-json\/wp\/v2\/types\/product"}],"replies":[{"embeddable":true,"href":"https:\/\/softlinefurniture.com\/de\/wp-json\/wp\/v2\/comments?post=21852"}],"version-history":[{"count":0,"href":"https:\/\/softlinefurniture.com\/de\/wp-json\/wp\/v2\/product\/21852\/revisions"}],"wp:featuredmedia":[{"embeddable":true,"href":"https:\/\/softlinefurniture.com\/de\/wp-json\/wp\/v2\/media\/84751"}],"wp:attachment":[{"href":"https:\/\/softlinefurniture.com\/de\/wp-json\/wp\/v2\/media?parent=21852"}],"wp:term":[{"taxonomy":"product_brand","embeddable":true,"href":"https:\/\/softlinefurniture.com\/de\/wp-json\/wp\/v2\/product_brand?post=21852"},{"taxonomy":"product_cat","embeddable":true,"href":"https:\/\/softlinefurniture.com\/de\/wp-json\/wp\/v2\/product_cat?post=21852"},{"taxonomy":"product_tag","embeddable":true,"href":"https:\/\/softlinefurniture.com\/de\/wp-json\/wp\/v2\/product_tag?post=21852"}],"curies":[{"name":"wp","href":"https:\/\/api.w.org\/{rel}","templated":true}]}}