{"id":21895,"date":"2020-06-13T19:58:06","date_gmt":"2020-06-13T17:58:06","guid":{"rendered":"https:\/\/softlinefurniture.com\/product\/lounge-hocker-liegeflache\/"},"modified":"2026-03-13T10:17:05","modified_gmt":"2026-03-13T09:17:05","slug":"lounge-hocker-einzelbett","status":"publish","type":"product","link":"https:\/\/softlinefurniture.com\/de\/produkt\/lounge-hocker-einzelbett\/","title":{"rendered":"LOUNGE Hocker\/Einzelbett"},"content":{"rendered":"<p><strong>Schlicht und funktional<\/strong><br \/>\nZwei Funktionen in einem M\u00f6belst\u00fcck vereint. Mit dem LOUNGE Pouf k\u00f6nnen Sie ganz bequem sitzen und schlafen. Durch Umklappen der Sitzfl\u00e4che l\u00e4sst er sich einfach in ein Bett verwandeln. Eine schlichte, attraktive Form, die nicht viel Platz einnimmt. Kann als Einzelst\u00fcck oder als Erg\u00e4nzung zu jeder Art von Sofagarnitur verwendet werden.<\/p>\n<p>&nbsp;<\/p>\n","protected":false},"excerpt":{"rendered":"<p>&nbsp;<\/p>\n<p>&nbsp;<\/p>\n","protected":false},"featured_media":14447,"comment_status":"closed","ping_status":"closed","template":"","meta":{"_acf_changed":false},"product_brand":[48520],"product_cat":[34637,6258,6253],"product_tag":[6274],"class_list":{"0":"post-21895","1":"product","2":"type-product","3":"status-publish","4":"has-post-thumbnail","6":"product_brand-lounge-pouf-single-bed","7":"product_cat-hocker-mit-matratze","8":"product_cat-kollektionen","9":"product_cat-pouf-hocker","10":"product_tag-funktion","11":"pa_covers-abnehmbare-bezuge-reinigung-bezuge-mit-dem-symbol-p-konnen-chemisch-gereinigt-werden-ersatzbezuge-sind-lieferbar-wenn-sie-eine-neue-farbe-oder-einen-neuen-stoff-mochten-de","13":"first","14":"instock","15":"shipping-taxable","16":"purchasable","17":"product-type-variable"},"acf":[],"_links":{"self":[{"href":"https:\/\/softlinefurniture.com\/de\/wp-json\/wp\/v2\/product\/21895","targetHints":{"allow":["GET"]}}],"collection":[{"href":"https:\/\/softlinefurniture.com\/de\/wp-json\/wp\/v2\/product"}],"about":[{"href":"https:\/\/softlinefurniture.com\/de\/wp-json\/wp\/v2\/types\/product"}],"replies":[{"embeddable":true,"href":"https:\/\/softlinefurniture.com\/de\/wp-json\/wp\/v2\/comments?post=21895"}],"version-history":[{"count":0,"href":"https:\/\/softlinefurniture.com\/de\/wp-json\/wp\/v2\/product\/21895\/revisions"}],"wp:featuredmedia":[{"embeddable":true,"href":"https:\/\/softlinefurniture.com\/de\/wp-json\/wp\/v2\/media\/14447"}],"wp:attachment":[{"href":"https:\/\/softlinefurniture.com\/de\/wp-json\/wp\/v2\/media?parent=21895"}],"wp:term":[{"taxonomy":"product_brand","embeddable":true,"href":"https:\/\/softlinefurniture.com\/de\/wp-json\/wp\/v2\/product_brand?post=21895"},{"taxonomy":"product_cat","embeddable":true,"href":"https:\/\/softlinefurniture.com\/de\/wp-json\/wp\/v2\/product_cat?post=21895"},{"taxonomy":"product_tag","embeddable":true,"href":"https:\/\/softlinefurniture.com\/de\/wp-json\/wp\/v2\/product_tag?post=21895"}],"curies":[{"name":"wp","href":"https:\/\/api.w.org\/{rel}","templated":true}]}}