{"id":21922,"date":"2020-06-12T06:40:25","date_gmt":"2020-06-12T04:40:25","guid":{"rendered":"https:\/\/softlinefurniture.com\/product\/loft-hocker\/"},"modified":"2026-03-13T10:09:55","modified_gmt":"2026-03-13T09:09:55","slug":"loft-hocker","status":"publish","type":"product","link":"https:\/\/softlinefurniture.com\/de\/produkt\/loft-hocker\/","title":{"rendered":"LOFT Hocker"},"content":{"rendered":"<p><strong>Ein Sofa f\u00fcr modernes Wohnen<\/strong><br \/>\nBei diesem innovativen modularen Sofasystem k\u00f6nnen Sie die einzelnen Elemente in allen m\u00f6glichen Formen und Variationen kombinieren. Seien Sie kreativ und gestalten Sie ein Sofa f\u00fcr Ihre speziellen Bed\u00fcrfnisse, das zu Ihrem Stil passt. LOFT ist bequem, schick und l\u00e4dt zum Entspannen, Faulenzen, Spielen und Spa\u00df haben ein. Es kann sowohl in privaten als auch in \u00f6ffentlichen R\u00e4umen eingesetzt werden.<\/p>\n","protected":false},"excerpt":{"rendered":"<p>Ein Sofa f\u00fcr modernes Wohnen Bei diesem innovativen modularen Sofasystem k\u00f6nnen Sie die einzelnen Elemente in allen m\u00f6glichen Formen und Variationen kombinieren. Seien Sie kreativ und gestalten Sie ein Sofa f\u00fcr Ihre speziellen Bed\u00fcrfnisse, das zu Ihrem Stil passt. LOFT ist bequem, schick und l\u00e4dt zum Entspannen, Faulenzen, Spielen und Spa\u00df haben ein. Es kann [&hellip;]<\/p>\n","protected":false},"featured_media":44610,"comment_status":"closed","ping_status":"closed","template":"","meta":{"_acf_changed":false},"product_brand":[48508],"product_cat":[6252,6253],"product_tag":[],"class_list":{"0":"post-21922","1":"product","2":"type-product","3":"status-publish","4":"has-post-thumbnail","6":"product_brand-loft","7":"product_cat-outdoor","8":"product_cat-pouf-hocker","9":"pa_covers-reinigung-bezuge-mit-dem-symbol-p-konnen-chemisch-gereinigt-werden-ersatzbezuge-sind-lieferbar-wenn-sie-eine-neue-farbe-oder-einen-neuen-stoff-mochten-de","11":"first","12":"instock","13":"shipping-taxable","14":"purchasable","15":"product-type-variable"},"acf":[],"_links":{"self":[{"href":"https:\/\/softlinefurniture.com\/de\/wp-json\/wp\/v2\/product\/21922","targetHints":{"allow":["GET"]}}],"collection":[{"href":"https:\/\/softlinefurniture.com\/de\/wp-json\/wp\/v2\/product"}],"about":[{"href":"https:\/\/softlinefurniture.com\/de\/wp-json\/wp\/v2\/types\/product"}],"replies":[{"embeddable":true,"href":"https:\/\/softlinefurniture.com\/de\/wp-json\/wp\/v2\/comments?post=21922"}],"version-history":[{"count":0,"href":"https:\/\/softlinefurniture.com\/de\/wp-json\/wp\/v2\/product\/21922\/revisions"}],"wp:featuredmedia":[{"embeddable":true,"href":"https:\/\/softlinefurniture.com\/de\/wp-json\/wp\/v2\/media\/44610"}],"wp:attachment":[{"href":"https:\/\/softlinefurniture.com\/de\/wp-json\/wp\/v2\/media?parent=21922"}],"wp:term":[{"taxonomy":"product_brand","embeddable":true,"href":"https:\/\/softlinefurniture.com\/de\/wp-json\/wp\/v2\/product_brand?post=21922"},{"taxonomy":"product_cat","embeddable":true,"href":"https:\/\/softlinefurniture.com\/de\/wp-json\/wp\/v2\/product_cat?post=21922"},{"taxonomy":"product_tag","embeddable":true,"href":"https:\/\/softlinefurniture.com\/de\/wp-json\/wp\/v2\/product_tag?post=21922"}],"curies":[{"name":"wp","href":"https:\/\/api.w.org\/{rel}","templated":true}]}}