{"id":21930,"date":"2020-06-15T00:48:07","date_gmt":"2020-06-14T22:48:07","guid":{"rendered":"https:\/\/softlinefurniture.com\/product\/nevada-hocker\/"},"modified":"2026-03-13T10:30:11","modified_gmt":"2026-03-13T09:30:11","slug":"nevada-hocker","status":"publish","type":"product","link":"https:\/\/softlinefurniture.com\/de\/produkt\/nevada-hocker\/","title":{"rendered":"NEVADA Hocker"},"content":{"rendered":"<p><strong>Einfachheit und Funktionalit\u00e4t in einem <\/strong><br \/>\nSitzen und entspannen, chillen oder ausruhen. NEVADA ist ein vielseitiges Sofasystem, perfekt f\u00fcr private und \u00f6ffentliche R\u00e4ume. Spielen Sie mit den Farben der Elemente und stellen Sie eine Kombination zusammen, die zu Ihrer Inneneinrichtung passt. Als verstecktes Extra l\u00e4sst sich NEVADA leicht in ein bequemes Bett umwandeln.<\/p>\n","protected":false},"excerpt":{"rendered":"<p>Einfachheit und Funktionalit\u00e4t in einem Sitzen und entspannen, chillen oder ausruhen. NEVADA ist ein vielseitiges Sofasystem, perfekt f\u00fcr private und \u00f6ffentliche R\u00e4ume. Spielen Sie mit den Farben der Elemente und stellen Sie eine Kombination zusammen, die zu Ihrer Inneneinrichtung passt. Als verstecktes Extra l\u00e4sst sich NEVADA leicht in ein bequemes Bett umwandeln.<\/p>\n","protected":false},"featured_media":15082,"comment_status":"closed","ping_status":"closed","template":"","meta":{"_acf_changed":false},"product_brand":[48580],"product_cat":[6253],"product_tag":[],"class_list":{"0":"post-21930","1":"product","2":"type-product","3":"status-publish","4":"has-post-thumbnail","6":"product_brand-nevada","7":"product_cat-pouf-hocker","8":"pa_covers-abnehmbare-bezuge-reinigung-bezuge-mit-dem-symbol-p-konnen-chemisch-gereinigt-werden-ersatzbezuge-sind-lieferbar-wenn-sie-eine-neue-farbe-oder-einen-neuen-stoff-mochten-de","10":"first","11":"instock","12":"shipping-taxable","13":"purchasable","14":"product-type-variable"},"acf":[],"_links":{"self":[{"href":"https:\/\/softlinefurniture.com\/de\/wp-json\/wp\/v2\/product\/21930","targetHints":{"allow":["GET"]}}],"collection":[{"href":"https:\/\/softlinefurniture.com\/de\/wp-json\/wp\/v2\/product"}],"about":[{"href":"https:\/\/softlinefurniture.com\/de\/wp-json\/wp\/v2\/types\/product"}],"replies":[{"embeddable":true,"href":"https:\/\/softlinefurniture.com\/de\/wp-json\/wp\/v2\/comments?post=21930"}],"version-history":[{"count":0,"href":"https:\/\/softlinefurniture.com\/de\/wp-json\/wp\/v2\/product\/21930\/revisions"}],"wp:featuredmedia":[{"embeddable":true,"href":"https:\/\/softlinefurniture.com\/de\/wp-json\/wp\/v2\/media\/15082"}],"wp:attachment":[{"href":"https:\/\/softlinefurniture.com\/de\/wp-json\/wp\/v2\/media?parent=21930"}],"wp:term":[{"taxonomy":"product_brand","embeddable":true,"href":"https:\/\/softlinefurniture.com\/de\/wp-json\/wp\/v2\/product_brand?post=21930"},{"taxonomy":"product_cat","embeddable":true,"href":"https:\/\/softlinefurniture.com\/de\/wp-json\/wp\/v2\/product_cat?post=21930"},{"taxonomy":"product_tag","embeddable":true,"href":"https:\/\/softlinefurniture.com\/de\/wp-json\/wp\/v2\/product_tag?post=21930"}],"curies":[{"name":"wp","href":"https:\/\/api.w.org\/{rel}","templated":true}]}}