{"id":21961,"date":"2020-06-14T22:49:46","date_gmt":"2020-06-14T20:49:46","guid":{"rendered":"https:\/\/softlinefurniture.com\/product\/nevada-3-p\/"},"modified":"2026-03-13T10:28:37","modified_gmt":"2026-03-13T09:28:37","slug":"nevada-3-p","status":"publish","type":"product","link":"https:\/\/softlinefurniture.com\/de\/produkt\/nevada-3-p\/","title":{"rendered":"NEVADA 3-P"},"content":{"rendered":"<p><strong>Einfach stilvoll<\/strong><br \/>\nNEVADA 3-P ist ein bequemes, flexibles Sofa, das sich leicht in ein Doppelbett verwandeln l\u00e4sst. Das Design ist klar und stilvoll und die Gr\u00f6\u00dfe ist perfekt, wenn Sie wenig Platz haben. Sie k\u00f6nnen es auch mit anderen Modulen der NEVADA-Serie kombinieren und so Ihr eigenes elegantes M\u00f6belst\u00fcck entwerfen.<\/p>\n","protected":false},"excerpt":{"rendered":"<p>Einfach stilvoll NEVADA 3-P ist ein bequemes, flexibles Sofa, das sich leicht in ein Doppelbett verwandeln l\u00e4sst. Das Design ist klar und stilvoll und die Gr\u00f6\u00dfe ist perfekt, wenn Sie wenig Platz haben. Sie k\u00f6nnen es auch mit anderen Modulen der NEVADA-Serie kombinieren und so Ihr eigenes elegantes M\u00f6belst\u00fcck entwerfen.<\/p>\n","protected":false},"featured_media":97434,"comment_status":"closed","ping_status":"closed","template":"","meta":{"_acf_changed":false},"product_brand":[48580],"product_cat":[6258,6257],"product_tag":[6274,34680],"class_list":{"0":"post-21961","1":"product","2":"type-product","3":"status-publish","4":"has-post-thumbnail","6":"product_brand-nevada","7":"product_cat-kollektionen","8":"product_cat-schlafsofas","9":"product_tag-funktion","10":"product_tag-sofa-de","11":"pa_covers-cleaning-covers-can-be-dry-cleaned-as-they-have-been-given-the-symbol-p-extra-covers-can-be-purchased-if-you-need-a-new-colour-or-fabric","13":"first","14":"instock","15":"shipping-taxable","16":"purchasable","17":"product-type-variable"},"acf":[],"_links":{"self":[{"href":"https:\/\/softlinefurniture.com\/de\/wp-json\/wp\/v2\/product\/21961","targetHints":{"allow":["GET"]}}],"collection":[{"href":"https:\/\/softlinefurniture.com\/de\/wp-json\/wp\/v2\/product"}],"about":[{"href":"https:\/\/softlinefurniture.com\/de\/wp-json\/wp\/v2\/types\/product"}],"replies":[{"embeddable":true,"href":"https:\/\/softlinefurniture.com\/de\/wp-json\/wp\/v2\/comments?post=21961"}],"version-history":[{"count":0,"href":"https:\/\/softlinefurniture.com\/de\/wp-json\/wp\/v2\/product\/21961\/revisions"}],"wp:featuredmedia":[{"embeddable":true,"href":"https:\/\/softlinefurniture.com\/de\/wp-json\/wp\/v2\/media\/97434"}],"wp:attachment":[{"href":"https:\/\/softlinefurniture.com\/de\/wp-json\/wp\/v2\/media?parent=21961"}],"wp:term":[{"taxonomy":"product_brand","embeddable":true,"href":"https:\/\/softlinefurniture.com\/de\/wp-json\/wp\/v2\/product_brand?post=21961"},{"taxonomy":"product_cat","embeddable":true,"href":"https:\/\/softlinefurniture.com\/de\/wp-json\/wp\/v2\/product_cat?post=21961"},{"taxonomy":"product_tag","embeddable":true,"href":"https:\/\/softlinefurniture.com\/de\/wp-json\/wp\/v2\/product_tag?post=21961"}],"curies":[{"name":"wp","href":"https:\/\/api.w.org\/{rel}","templated":true}]}}