{"id":21964,"date":"2020-05-24T04:47:07","date_gmt":"2020-05-24T02:47:07","guid":{"rendered":"https:\/\/softlinefurniture.com\/product\/moai-lounge-sessel\/"},"modified":"2026-03-13T10:27:00","modified_gmt":"2026-03-13T09:27:00","slug":"moai-lounge-sessel","status":"publish","type":"product","link":"https:\/\/softlinefurniture.com\/de\/produkt\/moai-lounge-sessel\/","title":{"rendered":"MOAI Lounge Sessel"},"content":{"rendered":"<p><strong>Eintauchen. Abschalten. Sein.<br \/>\n<\/strong>Die gro\u00dfz\u00fcgige Schale des MOAI Chairs ist von den weichen Formen glattgeschliffener Steine inspiriert, die am Strand hin und her rollen. Sie umschlie\u00dft den Sitzenden sanft wie ein Kokon und schafft einen kleinen, pers\u00f6nlichen R\u00fcckzugsort auf vier Beinen \u2013 gepr\u00e4gt von Ruhe und optimaler akustischer Geborgenheit.<\/p>\n<p>Die markanten Einkerbungen entlang der Armlehnen verleihen dem Design Charakter und bieten zugleich komfortable Unterst\u00fctzung beim Aufstehen. In der Seitenansicht zeigt der MOAI Chair eine unverwechselbare, fast naive Silhouette, die an die monumentalen Steinskulpturen der Osterinsel erinnert.<\/p>\n<p>Ausgezeichnet mit dem Good Design Award 2017<br \/>\nAusgezeichnet mit dem German Design Award 2018<\/p>\n","protected":false},"excerpt":{"rendered":"<p>Eintauchen. Abschalten. Sein. Die gro\u00dfz\u00fcgige Schale des MOAI Chairs ist von den weichen Formen glattgeschliffener Steine inspiriert, die am Strand hin und her rollen. Sie umschlie\u00dft den Sitzenden sanft wie ein Kokon und schafft einen kleinen, pers\u00f6nlichen R\u00fcckzugsort auf vier Beinen \u2013 gepr\u00e4gt von Ruhe und optimaler akustischer Geborgenheit. Die markanten Einkerbungen entlang der Armlehnen [&hellip;]<\/p>\n","protected":false},"featured_media":42679,"comment_status":"closed","ping_status":"closed","template":"","meta":{"_acf_changed":false},"product_brand":[48564],"product_cat":[6249,6247,47818],"product_tag":[],"class_list":{"0":"post-21964","1":"product","2":"type-product","3":"status-publish","4":"has-post-thumbnail","6":"product_brand-moai","7":"product_cat-lounge-sessel","8":"product_cat-sessel","9":"product_cat-workspace","10":"pa_covers-reinigung-bezuge-mit-dem-symbol-p-konnen-chemisch-gereinigt-werden-ersatzbezuge-sind-lieferbar-wenn-sie-eine-neue-farbe-oder-einen-neuen-stoff-mochten-de","12":"first","13":"instock","14":"shipping-taxable","15":"purchasable","16":"product-type-variable"},"acf":[],"_links":{"self":[{"href":"https:\/\/softlinefurniture.com\/de\/wp-json\/wp\/v2\/product\/21964","targetHints":{"allow":["GET"]}}],"collection":[{"href":"https:\/\/softlinefurniture.com\/de\/wp-json\/wp\/v2\/product"}],"about":[{"href":"https:\/\/softlinefurniture.com\/de\/wp-json\/wp\/v2\/types\/product"}],"replies":[{"embeddable":true,"href":"https:\/\/softlinefurniture.com\/de\/wp-json\/wp\/v2\/comments?post=21964"}],"version-history":[{"count":0,"href":"https:\/\/softlinefurniture.com\/de\/wp-json\/wp\/v2\/product\/21964\/revisions"}],"wp:featuredmedia":[{"embeddable":true,"href":"https:\/\/softlinefurniture.com\/de\/wp-json\/wp\/v2\/media\/42679"}],"wp:attachment":[{"href":"https:\/\/softlinefurniture.com\/de\/wp-json\/wp\/v2\/media?parent=21964"}],"wp:term":[{"taxonomy":"product_brand","embeddable":true,"href":"https:\/\/softlinefurniture.com\/de\/wp-json\/wp\/v2\/product_brand?post=21964"},{"taxonomy":"product_cat","embeddable":true,"href":"https:\/\/softlinefurniture.com\/de\/wp-json\/wp\/v2\/product_cat?post=21964"},{"taxonomy":"product_tag","embeddable":true,"href":"https:\/\/softlinefurniture.com\/de\/wp-json\/wp\/v2\/product_tag?post=21964"}],"curies":[{"name":"wp","href":"https:\/\/api.w.org\/{rel}","templated":true}]}}