{"id":22060,"date":"2020-06-07T21:11:16","date_gmt":"2020-06-07T19:11:16","guid":{"rendered":"https:\/\/softlinefurniture.com\/product\/orlando-swivel-sessel\/"},"modified":"2026-03-13T10:56:42","modified_gmt":"2026-03-13T09:56:42","slug":"orlando-swivel-sessel","status":"publish","type":"product","link":"https:\/\/softlinefurniture.com\/de\/produkt\/orlando-swivel-sessel\/","title":{"rendered":"ORLANDO Swivel Sessel"},"content":{"rendered":"<p><strong>L\u00e4ssig und fr\u00f6hlich <\/strong><br \/>\nORLANDO ist ein moderner Drehstuhl in einem schlichten, fr\u00f6hlichen und positiven Design, das in jeden Raum und jede Umgebung passt. W\u00e4hlen Sie zwischen den vielen Farben und finden Sie eine, die zu Ihrer Inneneinrichtung passt. Minimalistisch und bequem.<\/p>\n","protected":false},"excerpt":{"rendered":"<p>L\u00e4ssig und fr\u00f6hlich ORLANDO ist ein moderner Drehstuhl in einem schlichten, fr\u00f6hlichen und positiven Design, das in jeden Raum und jede Umgebung passt. W\u00e4hlen Sie zwischen den vielen Farben und finden Sie eine, die zu Ihrer Inneneinrichtung passt. Minimalistisch und bequem.<\/p>\n","protected":false},"featured_media":42844,"comment_status":"closed","ping_status":"closed","template":"","meta":{"_acf_changed":false},"product_brand":[48628],"product_cat":[47949,6258,6249],"product_tag":[],"class_list":{"0":"post-22060","1":"product","2":"type-product","3":"status-publish","4":"has-post-thumbnail","6":"product_brand-orlando-swivel-chair","7":"product_cat-drehsessel","8":"product_cat-kollektionen","9":"product_cat-lounge-sessel","10":"pa_covers-reinigung-bezuge-mit-dem-symbol-p-konnen-chemisch-gereinigt-werden-ersatzbezuge-sind-lieferbar-wenn-sie-eine-neue-farbe-oder-einen-neuen-stoff-mochten-de","12":"first","13":"instock","14":"shipping-taxable","15":"purchasable","16":"product-type-variable"},"acf":[],"_links":{"self":[{"href":"https:\/\/softlinefurniture.com\/de\/wp-json\/wp\/v2\/product\/22060","targetHints":{"allow":["GET"]}}],"collection":[{"href":"https:\/\/softlinefurniture.com\/de\/wp-json\/wp\/v2\/product"}],"about":[{"href":"https:\/\/softlinefurniture.com\/de\/wp-json\/wp\/v2\/types\/product"}],"replies":[{"embeddable":true,"href":"https:\/\/softlinefurniture.com\/de\/wp-json\/wp\/v2\/comments?post=22060"}],"version-history":[{"count":0,"href":"https:\/\/softlinefurniture.com\/de\/wp-json\/wp\/v2\/product\/22060\/revisions"}],"wp:featuredmedia":[{"embeddable":true,"href":"https:\/\/softlinefurniture.com\/de\/wp-json\/wp\/v2\/media\/42844"}],"wp:attachment":[{"href":"https:\/\/softlinefurniture.com\/de\/wp-json\/wp\/v2\/media?parent=22060"}],"wp:term":[{"taxonomy":"product_brand","embeddable":true,"href":"https:\/\/softlinefurniture.com\/de\/wp-json\/wp\/v2\/product_brand?post=22060"},{"taxonomy":"product_cat","embeddable":true,"href":"https:\/\/softlinefurniture.com\/de\/wp-json\/wp\/v2\/product_cat?post=22060"},{"taxonomy":"product_tag","embeddable":true,"href":"https:\/\/softlinefurniture.com\/de\/wp-json\/wp\/v2\/product_tag?post=22060"}],"curies":[{"name":"wp","href":"https:\/\/api.w.org\/{rel}","templated":true}]}}