{"id":22095,"date":"2020-05-24T10:28:56","date_gmt":"2020-05-24T08:28:56","guid":{"rendered":"https:\/\/softlinefurniture.com\/product\/noomi-string-sessel\/"},"modified":"2026-03-13T10:36:05","modified_gmt":"2026-03-13T09:36:05","slug":"noomi-string-sessel","status":"publish","type":"product","link":"https:\/\/softlinefurniture.com\/de\/produkt\/noomi-string-sessel\/","title":{"rendered":"NOOMI String Sessel"},"content":{"rendered":"<p><strong>In etwas Neues hineinwachsen<\/strong><br \/>\nMit Anspielungen auf die \u00c4ste eines Baumes nehmen die zarten und leicht gebogenen Beine den oberen Teil des NOOMI-Stuhls ein und schaffen einen starken grafischen Ausdruck. Das Gestell ist leicht, aber markant mit einer modernen Form, die den weichen, abgerundeten oberen Teil des Stuhls fast so aussehen l\u00e4sst, als w\u00fcrde er \u00fcber dem Boden schweben. Ein hochmoderner Stuhl, bei dem sich Stahl und Stoff zu einem harmonischen und organischen Ganzen verbinden.<\/p>\n<p>Preistr\u00e4ger des Good Design Award 2017<br \/>\nPreistr\u00e4ger des German Design Award 2018<\/p>\n","protected":false},"excerpt":{"rendered":"<p>In etwas Neues hineinwachsen Mit Anspielungen auf die \u00c4ste eines Baumes nehmen die zarten und leicht gebogenen Beine den oberen Teil des NOOMI-Stuhls ein und schaffen einen starken grafischen Ausdruck. Das Gestell ist leicht, aber markant mit einer modernen Form, die den weichen, abgerundeten oberen Teil des Stuhls fast so aussehen l\u00e4sst, als w\u00fcrde er [&hellip;]<\/p>\n","protected":false},"featured_media":42764,"comment_status":"closed","ping_status":"closed","template":"","meta":{"_acf_changed":false},"product_brand":[48600],"product_cat":[6258,6249,6247],"product_tag":[],"class_list":{"0":"post-22095","1":"product","2":"type-product","3":"status-publish","4":"has-post-thumbnail","6":"product_brand-noomi-string-chair","7":"product_cat-kollektionen","8":"product_cat-lounge-sessel","9":"product_cat-sessel","10":"pa_covers-reinigung-bezuge-mit-dem-symbol-p-konnen-chemisch-gereinigt-werden-ersatzbezuge-sind-lieferbar-wenn-sie-eine-neue-farbe-oder-einen-neuen-stoff-mochten-de","12":"first","13":"instock","14":"shipping-taxable","15":"purchasable","16":"product-type-variable"},"acf":[],"_links":{"self":[{"href":"https:\/\/softlinefurniture.com\/de\/wp-json\/wp\/v2\/product\/22095","targetHints":{"allow":["GET"]}}],"collection":[{"href":"https:\/\/softlinefurniture.com\/de\/wp-json\/wp\/v2\/product"}],"about":[{"href":"https:\/\/softlinefurniture.com\/de\/wp-json\/wp\/v2\/types\/product"}],"replies":[{"embeddable":true,"href":"https:\/\/softlinefurniture.com\/de\/wp-json\/wp\/v2\/comments?post=22095"}],"version-history":[{"count":0,"href":"https:\/\/softlinefurniture.com\/de\/wp-json\/wp\/v2\/product\/22095\/revisions"}],"wp:featuredmedia":[{"embeddable":true,"href":"https:\/\/softlinefurniture.com\/de\/wp-json\/wp\/v2\/media\/42764"}],"wp:attachment":[{"href":"https:\/\/softlinefurniture.com\/de\/wp-json\/wp\/v2\/media?parent=22095"}],"wp:term":[{"taxonomy":"product_brand","embeddable":true,"href":"https:\/\/softlinefurniture.com\/de\/wp-json\/wp\/v2\/product_brand?post=22095"},{"taxonomy":"product_cat","embeddable":true,"href":"https:\/\/softlinefurniture.com\/de\/wp-json\/wp\/v2\/product_cat?post=22095"},{"taxonomy":"product_tag","embeddable":true,"href":"https:\/\/softlinefurniture.com\/de\/wp-json\/wp\/v2\/product_tag?post=22095"}],"curies":[{"name":"wp","href":"https:\/\/api.w.org\/{rel}","templated":true}]}}