{"id":31468,"date":"2020-05-24T09:53:55","date_gmt":"2020-05-24T07:53:55","guid":{"rendered":"https:\/\/softlinefurniture.com\/product\/angel-sessel\/"},"modified":"2026-03-12T09:11:23","modified_gmt":"2026-03-12T08:11:23","slug":"angel-drehsessel","status":"publish","type":"product","link":"https:\/\/softlinefurniture.com\/de\/produkt\/angel-drehsessel\/","title":{"rendered":"ANGEL DREHSESSEL"},"content":{"rendered":"<p><strong>Ikonische Formen<\/strong><br \/>\nMit seinem kantigen und ikonischen Design ist ANGEL ein Loungesessel, der als alleinstehendes Element in der Raumgestaltung verwendet werden kann, aber auch perfekt in Kombination mit anderen M\u00f6belst\u00fccken f\u00fcr einen pers\u00f6nlichen und modernen Look wirkt. Das Design ist weich, einladend und ultra-stylisch zugleich.<\/p>\n<p>Gewinner des Good Design Award 2011<\/p>\n","protected":false},"excerpt":{"rendered":"<p>Ikonische Formen Mit seinem kantigen und ikonischen Design ist ANGEL ein Loungesessel, der als alleinstehendes Element in der Raumgestaltung verwendet werden kann, aber auch perfekt in Kombination mit anderen M\u00f6belst\u00fccken f\u00fcr einen pers\u00f6nlichen und modernen Look wirkt. Das Design ist weich, einladend und ultra-stylisch zugleich. Gewinner des Good Design Award 2011<\/p>\n","protected":false},"featured_media":42234,"comment_status":"closed","ping_status":"closed","template":"","meta":{"_acf_changed":false},"product_brand":[48303],"product_cat":[47949,6258,6249,6247],"product_tag":[],"class_list":{"0":"post-31468","1":"product","2":"type-product","3":"status-publish","4":"has-post-thumbnail","6":"product_brand-angel-swivel-chair","7":"product_cat-drehsessel","8":"product_cat-kollektionen","9":"product_cat-lounge-sessel","10":"product_cat-sessel","11":"pa_covers-reinigung-bezuge-mit-dem-symbol-p-konnen-chemisch-gereinigt-werden-ersatzbezuge-sind-lieferbar-wenn-sie-eine-neue-farbe-oder-einen-neuen-stoff-mochten-de","13":"first","14":"instock","15":"shipping-taxable","16":"purchasable","17":"product-type-variable"},"acf":[],"_links":{"self":[{"href":"https:\/\/softlinefurniture.com\/de\/wp-json\/wp\/v2\/product\/31468","targetHints":{"allow":["GET"]}}],"collection":[{"href":"https:\/\/softlinefurniture.com\/de\/wp-json\/wp\/v2\/product"}],"about":[{"href":"https:\/\/softlinefurniture.com\/de\/wp-json\/wp\/v2\/types\/product"}],"replies":[{"embeddable":true,"href":"https:\/\/softlinefurniture.com\/de\/wp-json\/wp\/v2\/comments?post=31468"}],"version-history":[{"count":0,"href":"https:\/\/softlinefurniture.com\/de\/wp-json\/wp\/v2\/product\/31468\/revisions"}],"wp:featuredmedia":[{"embeddable":true,"href":"https:\/\/softlinefurniture.com\/de\/wp-json\/wp\/v2\/media\/42234"}],"wp:attachment":[{"href":"https:\/\/softlinefurniture.com\/de\/wp-json\/wp\/v2\/media?parent=31468"}],"wp:term":[{"taxonomy":"product_brand","embeddable":true,"href":"https:\/\/softlinefurniture.com\/de\/wp-json\/wp\/v2\/product_brand?post=31468"},{"taxonomy":"product_cat","embeddable":true,"href":"https:\/\/softlinefurniture.com\/de\/wp-json\/wp\/v2\/product_cat?post=31468"},{"taxonomy":"product_tag","embeddable":true,"href":"https:\/\/softlinefurniture.com\/de\/wp-json\/wp\/v2\/product_tag?post=31468"}],"curies":[{"name":"wp","href":"https:\/\/api.w.org\/{rel}","templated":true}]}}