{"id":31493,"date":"2020-05-26T09:05:44","date_gmt":"2020-05-26T07:05:44","guid":{"rendered":"https:\/\/softlinefurniture.com\/product\/alma-beistelltisch\/"},"modified":"2026-03-12T09:09:12","modified_gmt":"2026-03-12T08:09:12","slug":"alma-beistelltisch","status":"publish","type":"product","link":"https:\/\/softlinefurniture.com\/de\/produkt\/alma-beistelltisch\/","title":{"rendered":"ALMA Beistelltisch"},"content":{"rendered":"<p><strong>Ganz sch\u00f6n praktisch<\/strong><br \/>\nPouf, Couchtisch und Sitzkissen in einem. Der multifunktionale und flexible Hocker\/Tisch ALMA ist perfekt f\u00fcr moderne Wohnr\u00e4ume. Legen Sie das Sitzkissen auf den Tisch und Sie haben einen sch\u00f6nen Pouf. Oder legen Sie das Kissen auf den Boden, wenn Sie eine zus\u00e4tzliche Sitzgelegenheit und einen Tisch ben\u00f6tigen. Der Tisch ist in den Farben Schwarz, Wei\u00df, Esche und Walnuss erh\u00e4ltlich.<\/p>\n","protected":false},"excerpt":{"rendered":"<p>Ganz sch\u00f6n praktisch Pouf, Couchtisch und Sitzkissen in einem. Der multifunktionale und flexible Hocker\/Tisch ALMA ist perfekt f\u00fcr moderne Wohnr\u00e4ume. Legen Sie das Sitzkissen auf den Tisch und Sie haben einen sch\u00f6nen Pouf. Oder legen Sie das Kissen auf den Boden, wenn Sie eine zus\u00e4tzliche Sitzgelegenheit und einen Tisch ben\u00f6tigen. Der Tisch ist in den [&hellip;]<\/p>\n","protected":false},"featured_media":48332,"comment_status":"closed","ping_status":"closed","template":"","meta":{"_acf_changed":false},"product_brand":[48299],"product_cat":[6253,6259],"product_tag":[],"class_list":{"0":"post-31493","1":"product","2":"type-product","3":"status-publish","4":"has-post-thumbnail","6":"product_brand-alma","7":"product_cat-pouf-hocker","8":"product_cat-tische-de","10":"first","11":"instock","12":"shipping-taxable","13":"purchasable","14":"product-type-variable"},"acf":[],"_links":{"self":[{"href":"https:\/\/softlinefurniture.com\/de\/wp-json\/wp\/v2\/product\/31493","targetHints":{"allow":["GET"]}}],"collection":[{"href":"https:\/\/softlinefurniture.com\/de\/wp-json\/wp\/v2\/product"}],"about":[{"href":"https:\/\/softlinefurniture.com\/de\/wp-json\/wp\/v2\/types\/product"}],"replies":[{"embeddable":true,"href":"https:\/\/softlinefurniture.com\/de\/wp-json\/wp\/v2\/comments?post=31493"}],"version-history":[{"count":0,"href":"https:\/\/softlinefurniture.com\/de\/wp-json\/wp\/v2\/product\/31493\/revisions"}],"wp:featuredmedia":[{"embeddable":true,"href":"https:\/\/softlinefurniture.com\/de\/wp-json\/wp\/v2\/media\/48332"}],"wp:attachment":[{"href":"https:\/\/softlinefurniture.com\/de\/wp-json\/wp\/v2\/media?parent=31493"}],"wp:term":[{"taxonomy":"product_brand","embeddable":true,"href":"https:\/\/softlinefurniture.com\/de\/wp-json\/wp\/v2\/product_brand?post=31493"},{"taxonomy":"product_cat","embeddable":true,"href":"https:\/\/softlinefurniture.com\/de\/wp-json\/wp\/v2\/product_cat?post=31493"},{"taxonomy":"product_tag","embeddable":true,"href":"https:\/\/softlinefurniture.com\/de\/wp-json\/wp\/v2\/product_tag?post=31493"}],"curies":[{"name":"wp","href":"https:\/\/api.w.org\/{rel}","templated":true}]}}