{"id":31517,"date":"2020-05-14T03:40:59","date_gmt":"2020-05-14T01:40:59","guid":{"rendered":"https:\/\/softlinefurniture.com\/product\/baixa-chair\/"},"modified":"2026-03-12T09:51:02","modified_gmt":"2026-03-12T08:51:02","slug":"baixa-sessel","status":"publish","type":"product","link":"https:\/\/softlinefurniture.com\/de\/produkt\/baixa-sessel\/","title":{"rendered":"BAIXA Sessel"},"content":{"rendered":"<p><strong>Sich niederlassen<\/strong><br \/>\nBAIXA ist ein komfortabler Lounge-Sessel mit einem einzigartigen Design, das sowohl die Vergangenheit als auch die Zukunft einf\u00e4ngt. Flie\u00dfend geht die Lendenwirbelst\u00fctze in die Armlehne \u00fcber &#8211; rund und weich wie der obere Teil der R\u00fcckenlehne.<\/p>\n<p>Gewinner des Good Design Award 2019<\/p>\n<p>&nbsp;<\/p>\n","protected":false},"excerpt":{"rendered":"<p>&nbsp;<\/p>\n<p>&nbsp;<\/p>\n","protected":false},"featured_media":42254,"comment_status":"closed","ping_status":"closed","template":"","meta":{"_acf_changed":false},"product_brand":[48305],"product_cat":[6258,6249],"product_tag":[],"class_list":{"0":"post-31517","1":"product","2":"type-product","3":"status-publish","4":"has-post-thumbnail","6":"product_brand-baixa","7":"product_cat-kollektionen","8":"product_cat-lounge-sessel","9":"pa_covers-abnehmbare-bezuge-reinigung-bezuge-mit-dem-symbol-p-konnen-chemisch-gereinigt-werden-ersatzbezuge-sind-lieferbar-wenn-sie-eine-neue-farbe-oder-einen-neuen-stoff-mochten-de","11":"first","12":"instock","13":"shipping-taxable","14":"purchasable","15":"product-type-variable"},"acf":[],"_links":{"self":[{"href":"https:\/\/softlinefurniture.com\/de\/wp-json\/wp\/v2\/product\/31517","targetHints":{"allow":["GET"]}}],"collection":[{"href":"https:\/\/softlinefurniture.com\/de\/wp-json\/wp\/v2\/product"}],"about":[{"href":"https:\/\/softlinefurniture.com\/de\/wp-json\/wp\/v2\/types\/product"}],"replies":[{"embeddable":true,"href":"https:\/\/softlinefurniture.com\/de\/wp-json\/wp\/v2\/comments?post=31517"}],"version-history":[{"count":0,"href":"https:\/\/softlinefurniture.com\/de\/wp-json\/wp\/v2\/product\/31517\/revisions"}],"wp:featuredmedia":[{"embeddable":true,"href":"https:\/\/softlinefurniture.com\/de\/wp-json\/wp\/v2\/media\/42254"}],"wp:attachment":[{"href":"https:\/\/softlinefurniture.com\/de\/wp-json\/wp\/v2\/media?parent=31517"}],"wp:term":[{"taxonomy":"product_brand","embeddable":true,"href":"https:\/\/softlinefurniture.com\/de\/wp-json\/wp\/v2\/product_brand?post=31517"},{"taxonomy":"product_cat","embeddable":true,"href":"https:\/\/softlinefurniture.com\/de\/wp-json\/wp\/v2\/product_cat?post=31517"},{"taxonomy":"product_tag","embeddable":true,"href":"https:\/\/softlinefurniture.com\/de\/wp-json\/wp\/v2\/product_tag?post=31517"}],"curies":[{"name":"wp","href":"https:\/\/api.w.org\/{rel}","templated":true}]}}