{"id":31540,"date":"2020-06-03T10:48:11","date_gmt":"2020-06-03T08:48:11","guid":{"rendered":"https:\/\/softlinefurniture.com\/product\/bingo-hocker-faltmatratze\/"},"modified":"2026-03-12T09:56:10","modified_gmt":"2026-03-12T08:56:10","slug":"bingo-hocker","status":"publish","type":"product","link":"https:\/\/softlinefurniture.com\/de\/produkt\/bingo-hocker\/","title":{"rendered":"BINGO Hocker"},"content":{"rendered":"<p><strong>Funktionaler Design-Pouf<\/strong><br \/>\nDieser Pouf ist in vielen Wohnungen und H\u00e4usern sehr beliebt. Er ist dekorativ, funktional, flexibel sowie einfach zu verstauen und aufzufalten. Die dreifach faltbare Matratze verwandelt sich in eine Schlafmatratze &#8211; ein perfektes Bett f\u00fcr Ihre G\u00e4ste oder f\u00fcr die Kinder zum Spielen. Der leichte Tabletttisch verwandelt den Pouf in einen Tisch.<\/p>\n","protected":false},"excerpt":{"rendered":"<p>Funktionaler Design-Pouf Dieser Pouf ist in vielen Wohnungen und H\u00e4usern sehr beliebt. Er ist dekorativ, funktional, flexibel sowie einfach zu verstauen und aufzufalten. Die dreifach faltbare Matratze verwandelt sich in eine Schlafmatratze &#8211; ein perfektes Bett f\u00fcr Ihre G\u00e4ste oder f\u00fcr die Kinder zum Spielen. Der leichte Tabletttisch verwandelt den Pouf in einen Tisch.<\/p>\n","protected":false},"featured_media":42299,"comment_status":"closed","ping_status":"closed","template":"","meta":{"_acf_changed":false},"product_brand":[48313],"product_cat":[34637,6251,6258],"product_tag":[6274],"class_list":{"0":"post-31540","1":"product","2":"type-product","3":"status-publish","4":"has-post-thumbnail","6":"product_brand-bingo","7":"product_cat-hocker-mit-matratze","8":"product_cat-kindermoebel","9":"product_cat-kollektionen","10":"product_tag-funktion","11":"pa_covers-reinigung-bezuge-mit-dem-symbol-p-konnen-chemisch-gereinigt-werden-ersatzbezuge-sind-lieferbar-wenn-sie-eine-neue-farbe-oder-einen-neuen-stoff-mochten-de","13":"first","14":"instock","15":"shipping-taxable","16":"purchasable","17":"product-type-variable"},"acf":[],"_links":{"self":[{"href":"https:\/\/softlinefurniture.com\/de\/wp-json\/wp\/v2\/product\/31540","targetHints":{"allow":["GET"]}}],"collection":[{"href":"https:\/\/softlinefurniture.com\/de\/wp-json\/wp\/v2\/product"}],"about":[{"href":"https:\/\/softlinefurniture.com\/de\/wp-json\/wp\/v2\/types\/product"}],"replies":[{"embeddable":true,"href":"https:\/\/softlinefurniture.com\/de\/wp-json\/wp\/v2\/comments?post=31540"}],"version-history":[{"count":0,"href":"https:\/\/softlinefurniture.com\/de\/wp-json\/wp\/v2\/product\/31540\/revisions"}],"wp:featuredmedia":[{"embeddable":true,"href":"https:\/\/softlinefurniture.com\/de\/wp-json\/wp\/v2\/media\/42299"}],"wp:attachment":[{"href":"https:\/\/softlinefurniture.com\/de\/wp-json\/wp\/v2\/media?parent=31540"}],"wp:term":[{"taxonomy":"product_brand","embeddable":true,"href":"https:\/\/softlinefurniture.com\/de\/wp-json\/wp\/v2\/product_brand?post=31540"},{"taxonomy":"product_cat","embeddable":true,"href":"https:\/\/softlinefurniture.com\/de\/wp-json\/wp\/v2\/product_cat?post=31540"},{"taxonomy":"product_tag","embeddable":true,"href":"https:\/\/softlinefurniture.com\/de\/wp-json\/wp\/v2\/product_tag?post=31540"}],"curies":[{"name":"wp","href":"https:\/\/api.w.org\/{rel}","templated":true}]}}