{"id":31582,"date":"2020-06-11T05:05:08","date_gmt":"2020-06-11T03:05:08","guid":{"rendered":"https:\/\/softlinefurniture.com\/product\/bon-bon-hocker\/"},"modified":"2026-03-12T09:58:26","modified_gmt":"2026-03-12T08:58:26","slug":"bon-bon-hocker","status":"publish","type":"product","link":"https:\/\/softlinefurniture.com\/de\/produkt\/bon-bon-hocker\/","title":{"rendered":"BON-BON Hocker"},"content":{"rendered":"<p><strong>Es liegt im Detail<\/strong><br \/>\nBON-BON ist ein frischer Wind in der Welt der klassischen M\u00f6bel. Diesen multifunktionalen Pouf gibt es in verschiedenen Gr\u00f6\u00dfen sowie einer breiten Palette von Materialien und Farben. Mischen Sie sie f\u00fcr einen modernen und pers\u00f6nlichen Look und schaffen Sie eine interessante sowie funktionale Inneneinrichtung.<\/p>\n","protected":false},"excerpt":{"rendered":"<p>Es liegt im Detail BON-BON ist ein frischer Wind in der Welt der klassischen M\u00f6bel. Diesen multifunktionalen Pouf gibt es in verschiedenen Gr\u00f6\u00dfen sowie einer breiten Palette von Materialien und Farben. Mischen Sie sie f\u00fcr einen modernen und pers\u00f6nlichen Look und schaffen Sie eine interessante sowie funktionale Inneneinrichtung.<\/p>\n","protected":false},"featured_media":42314,"comment_status":"closed","ping_status":"closed","template":"","meta":{"_acf_changed":false},"product_brand":[48344],"product_cat":[6258,6253],"product_tag":[],"class_list":{"0":"post-31582","1":"product","2":"type-product","3":"status-publish","4":"has-post-thumbnail","6":"product_brand-bon-bon","7":"product_cat-kollektionen","8":"product_cat-pouf-hocker","9":"pa_covers-reinigung-bezuge-mit-dem-symbol-p-konnen-chemisch-gereinigt-werden-ersatzbezuge-sind-lieferbar-wenn-sie-eine-neue-farbe-oder-einen-neuen-stoff-mochten-de","11":"first","12":"instock","13":"shipping-taxable","14":"purchasable","15":"product-type-variable"},"acf":[],"_links":{"self":[{"href":"https:\/\/softlinefurniture.com\/de\/wp-json\/wp\/v2\/product\/31582","targetHints":{"allow":["GET"]}}],"collection":[{"href":"https:\/\/softlinefurniture.com\/de\/wp-json\/wp\/v2\/product"}],"about":[{"href":"https:\/\/softlinefurniture.com\/de\/wp-json\/wp\/v2\/types\/product"}],"replies":[{"embeddable":true,"href":"https:\/\/softlinefurniture.com\/de\/wp-json\/wp\/v2\/comments?post=31582"}],"version-history":[{"count":0,"href":"https:\/\/softlinefurniture.com\/de\/wp-json\/wp\/v2\/product\/31582\/revisions"}],"wp:featuredmedia":[{"embeddable":true,"href":"https:\/\/softlinefurniture.com\/de\/wp-json\/wp\/v2\/media\/42314"}],"wp:attachment":[{"href":"https:\/\/softlinefurniture.com\/de\/wp-json\/wp\/v2\/media?parent=31582"}],"wp:term":[{"taxonomy":"product_brand","embeddable":true,"href":"https:\/\/softlinefurniture.com\/de\/wp-json\/wp\/v2\/product_brand?post=31582"},{"taxonomy":"product_cat","embeddable":true,"href":"https:\/\/softlinefurniture.com\/de\/wp-json\/wp\/v2\/product_cat?post=31582"},{"taxonomy":"product_tag","embeddable":true,"href":"https:\/\/softlinefurniture.com\/de\/wp-json\/wp\/v2\/product_tag?post=31582"}],"curies":[{"name":"wp","href":"https:\/\/api.w.org\/{rel}","templated":true}]}}