{"id":31599,"date":"2020-06-04T02:20:09","date_gmt":"2020-06-04T00:20:09","guid":{"rendered":"https:\/\/softlinefurniture.com\/product\/city-sessel\/"},"modified":"2026-03-12T10:03:26","modified_gmt":"2026-03-12T09:03:26","slug":"city-sessel","status":"publish","type":"product","link":"https:\/\/softlinefurniture.com\/de\/produkt\/city-sessel\/","title":{"rendered":"CITY Sessel"},"content":{"rendered":"<p><strong>Entspannen Sie sich und schlafen Sie gut<\/strong><br \/>\nEinzeln oder doppelt? CITY ist in zwei verschiedenen Gr\u00f6\u00dfen erh\u00e4ltlich und eignet sich perfekt f\u00fcr eine kleine Wohnung oder ein Zimmer, das ein funktionales und entspannendes Sofa oder einen Sessel braucht, der gleichzeitig als bequemes Bett dient. Zudem gibt es acht R\u00fcckenlehnenpositionen zur Auswahl.<\/p>\n","protected":false},"excerpt":{"rendered":"<p>Entspannen Sie sich und schlafen Sie gut Einzeln oder doppelt? CITY ist in zwei verschiedenen Gr\u00f6\u00dfen erh\u00e4ltlich und eignet sich perfekt f\u00fcr eine kleine Wohnung oder ein Zimmer, das ein funktionales und entspannendes Sofa oder einen Sessel braucht, der gleichzeitig als bequemes Bett dient. Zudem gibt es acht R\u00fcckenlehnenpositionen zur Auswahl.<\/p>\n","protected":false},"featured_media":42359,"comment_status":"closed","ping_status":"closed","template":"","meta":{"_acf_changed":false},"product_brand":[48372],"product_cat":[6247,6250],"product_tag":[6274],"class_list":{"0":"post-31599","1":"product","2":"type-product","3":"status-publish","4":"has-post-thumbnail","6":"product_brand-city","7":"product_cat-sessel","8":"product_cat-sessel-m-einzelbett","9":"product_tag-funktion","10":"pa_covers-reinigung-bezuge-mit-dem-symbol-p-konnen-chemisch-gereinigt-werden-ersatzbezuge-sind-lieferbar-wenn-sie-eine-neue-farbe-oder-einen-neuen-stoff-mochten-de","12":"first","13":"instock","14":"shipping-taxable","15":"purchasable","16":"product-type-variable"},"acf":[],"_links":{"self":[{"href":"https:\/\/softlinefurniture.com\/de\/wp-json\/wp\/v2\/product\/31599","targetHints":{"allow":["GET"]}}],"collection":[{"href":"https:\/\/softlinefurniture.com\/de\/wp-json\/wp\/v2\/product"}],"about":[{"href":"https:\/\/softlinefurniture.com\/de\/wp-json\/wp\/v2\/types\/product"}],"replies":[{"embeddable":true,"href":"https:\/\/softlinefurniture.com\/de\/wp-json\/wp\/v2\/comments?post=31599"}],"version-history":[{"count":0,"href":"https:\/\/softlinefurniture.com\/de\/wp-json\/wp\/v2\/product\/31599\/revisions"}],"wp:featuredmedia":[{"embeddable":true,"href":"https:\/\/softlinefurniture.com\/de\/wp-json\/wp\/v2\/media\/42359"}],"wp:attachment":[{"href":"https:\/\/softlinefurniture.com\/de\/wp-json\/wp\/v2\/media?parent=31599"}],"wp:term":[{"taxonomy":"product_brand","embeddable":true,"href":"https:\/\/softlinefurniture.com\/de\/wp-json\/wp\/v2\/product_brand?post=31599"},{"taxonomy":"product_cat","embeddable":true,"href":"https:\/\/softlinefurniture.com\/de\/wp-json\/wp\/v2\/product_cat?post=31599"},{"taxonomy":"product_tag","embeddable":true,"href":"https:\/\/softlinefurniture.com\/de\/wp-json\/wp\/v2\/product_tag?post=31599"}],"curies":[{"name":"wp","href":"https:\/\/api.w.org\/{rel}","templated":true}]}}