{"id":31669,"date":"2020-05-24T10:13:04","date_gmt":"2020-05-24T08:13:04","guid":{"rendered":"https:\/\/softlinefurniture.com\/product\/coral-hocker\/"},"modified":"2026-03-13T08:35:16","modified_gmt":"2026-03-13T07:35:16","slug":"coral-hocker","status":"publish","type":"product","link":"https:\/\/softlinefurniture.com\/de\/produkt\/coral-hocker\/","title":{"rendered":"CORAL Hocker"},"content":{"rendered":"<p><strong>Einzigartig und charismatisch<\/strong><br \/>\nDer Hocker CORAL ist von einem der zartesten und sch\u00f6nsten Organismen der Natur inspiriert. Der zweifarbige Look und die diagonale Verkleidung der Sitzfl\u00e4che schaffen einen einzigartigen und charismatischen Look. CORAL ist wirklich ein multifunktionales M\u00f6belst\u00fcck. Seien Sie kreativ und kombinieren Sie die Farben und Materialien, um Ihr Interieur perfekt zu erg\u00e4nzen.<\/p>\n","protected":false},"excerpt":{"rendered":"<p>Einzigartig und charismatisch Der Hocker CORAL ist von einem der zartesten und sch\u00f6nsten Organismen der Natur inspiriert. Der zweifarbige Look und die diagonale Verkleidung der Sitzfl\u00e4che schaffen einen einzigartigen und charismatischen Look. CORAL ist wirklich ein multifunktionales M\u00f6belst\u00fcck. Seien Sie kreativ und kombinieren Sie die Farben und Materialien, um Ihr Interieur perfekt zu erg\u00e4nzen.<\/p>\n","protected":false},"featured_media":89941,"comment_status":"closed","ping_status":"closed","template":"","meta":{"_acf_changed":false},"product_brand":[48392],"product_cat":[6258,6253],"product_tag":[],"class_list":{"0":"post-31669","1":"product","2":"type-product","3":"status-publish","4":"has-post-thumbnail","6":"product_brand-coral","7":"product_cat-kollektionen","8":"product_cat-pouf-hocker","9":"pa_covers-reinigung-bezuge-mit-dem-symbol-p-konnen-chemisch-gereinigt-werden-ersatzbezuge-sind-lieferbar-wenn-sie-eine-neue-farbe-oder-einen-neuen-stoff-mochten-de","11":"first","12":"instock","13":"shipping-taxable","14":"purchasable","15":"product-type-variable"},"acf":[],"_links":{"self":[{"href":"https:\/\/softlinefurniture.com\/de\/wp-json\/wp\/v2\/product\/31669","targetHints":{"allow":["GET"]}}],"collection":[{"href":"https:\/\/softlinefurniture.com\/de\/wp-json\/wp\/v2\/product"}],"about":[{"href":"https:\/\/softlinefurniture.com\/de\/wp-json\/wp\/v2\/types\/product"}],"replies":[{"embeddable":true,"href":"https:\/\/softlinefurniture.com\/de\/wp-json\/wp\/v2\/comments?post=31669"}],"version-history":[{"count":0,"href":"https:\/\/softlinefurniture.com\/de\/wp-json\/wp\/v2\/product\/31669\/revisions"}],"wp:featuredmedia":[{"embeddable":true,"href":"https:\/\/softlinefurniture.com\/de\/wp-json\/wp\/v2\/media\/89941"}],"wp:attachment":[{"href":"https:\/\/softlinefurniture.com\/de\/wp-json\/wp\/v2\/media?parent=31669"}],"wp:term":[{"taxonomy":"product_brand","embeddable":true,"href":"https:\/\/softlinefurniture.com\/de\/wp-json\/wp\/v2\/product_brand?post=31669"},{"taxonomy":"product_cat","embeddable":true,"href":"https:\/\/softlinefurniture.com\/de\/wp-json\/wp\/v2\/product_cat?post=31669"},{"taxonomy":"product_tag","embeddable":true,"href":"https:\/\/softlinefurniture.com\/de\/wp-json\/wp\/v2\/product_tag?post=31669"}],"curies":[{"name":"wp","href":"https:\/\/api.w.org\/{rel}","templated":true}]}}