{"id":31672,"date":"2020-06-08T07:16:39","date_gmt":"2020-06-08T05:16:39","guid":{"rendered":"https:\/\/softlinefurniture.com\/product\/cord-sessel\/"},"modified":"2026-03-13T08:35:51","modified_gmt":"2026-03-13T07:35:51","slug":"cord-sessel","status":"publish","type":"product","link":"https:\/\/softlinefurniture.com\/de\/produkt\/cord-sessel\/","title":{"rendered":"CORD Sessel"},"content":{"rendered":"<p><strong>Elegant und praktisch <\/strong><br \/>\nDieses Schlafsofa hat alles, was es braucht: Stil, Komfort, ein verstecktes Bett und acht R\u00fcckenlehnenpositionen. Es ist kompakt und perfekt f\u00fcr kleine st\u00e4dtische R\u00e4ume. Erh\u00e4ltlich als Stuhl, der sich in ein Einzelbett verwandelt, und als Sofa, das sich in ein Bett f\u00fcr zwei Personen verwandelt.<\/p>\n","protected":false},"excerpt":{"rendered":"<p>Elegant und praktisch Dieses Schlafsofa hat alles, was es braucht: Stil, Komfort, ein verstecktes Bett und acht R\u00fcckenlehnenpositionen. Es ist kompakt und perfekt f\u00fcr kleine st\u00e4dtische R\u00e4ume. Erh\u00e4ltlich als Stuhl, der sich in ein Einzelbett verwandelt, und als Sofa, das sich in ein Bett f\u00fcr zwei Personen verwandelt.<\/p>\n","protected":false},"featured_media":68155,"comment_status":"closed","ping_status":"closed","template":"","meta":{"_acf_changed":false},"product_brand":[48396],"product_cat":[6249,6247,6250],"product_tag":[6274],"class_list":{"0":"post-31672","1":"product","2":"type-product","3":"status-publish","4":"has-post-thumbnail","6":"product_brand-cord","7":"product_cat-lounge-sessel","8":"product_cat-sessel","9":"product_cat-sessel-m-einzelbett","10":"product_tag-funktion","11":"pa_covers-reinigung-bezuge-mit-dem-symbol-p-konnen-chemisch-gereinigt-werden-ersatzbezuge-sind-lieferbar-wenn-sie-eine-neue-farbe-oder-einen-neuen-stoff-mochten-de","13":"first","14":"instock","15":"shipping-taxable","16":"purchasable","17":"product-type-variable"},"acf":[],"_links":{"self":[{"href":"https:\/\/softlinefurniture.com\/de\/wp-json\/wp\/v2\/product\/31672","targetHints":{"allow":["GET"]}}],"collection":[{"href":"https:\/\/softlinefurniture.com\/de\/wp-json\/wp\/v2\/product"}],"about":[{"href":"https:\/\/softlinefurniture.com\/de\/wp-json\/wp\/v2\/types\/product"}],"replies":[{"embeddable":true,"href":"https:\/\/softlinefurniture.com\/de\/wp-json\/wp\/v2\/comments?post=31672"}],"version-history":[{"count":0,"href":"https:\/\/softlinefurniture.com\/de\/wp-json\/wp\/v2\/product\/31672\/revisions"}],"wp:featuredmedia":[{"embeddable":true,"href":"https:\/\/softlinefurniture.com\/de\/wp-json\/wp\/v2\/media\/68155"}],"wp:attachment":[{"href":"https:\/\/softlinefurniture.com\/de\/wp-json\/wp\/v2\/media?parent=31672"}],"wp:term":[{"taxonomy":"product_brand","embeddable":true,"href":"https:\/\/softlinefurniture.com\/de\/wp-json\/wp\/v2\/product_brand?post=31672"},{"taxonomy":"product_cat","embeddable":true,"href":"https:\/\/softlinefurniture.com\/de\/wp-json\/wp\/v2\/product_cat?post=31672"},{"taxonomy":"product_tag","embeddable":true,"href":"https:\/\/softlinefurniture.com\/de\/wp-json\/wp\/v2\/product_tag?post=31672"}],"curies":[{"name":"wp","href":"https:\/\/api.w.org\/{rel}","templated":true}]}}