{"id":31716,"date":"2020-06-11T07:03:17","date_gmt":"2020-06-11T05:03:17","guid":{"rendered":"https:\/\/softlinefurniture.com\/product\/drum-tablett\/"},"modified":"2026-03-20T09:57:13","modified_gmt":"2026-03-20T08:57:13","slug":"drum-tablett","status":"publish","type":"product","link":"https:\/\/softlinefurniture.com\/de\/produkt\/drum-tablett\/","title":{"rendered":"DRUM Tablett"},"content":{"rendered":"<p><strong>Wie d\u00fcrfen wir Sie bedienen?<\/strong><br \/>\nHocker, Beistelltisch und Tablett in Einem. Die multifunktionalen DRUM Hocker sind perfekt f\u00fcr moderne Wohnr\u00e4ume, in denen die Flexibilit\u00e4t gefragt ist. Ein Tablett auf einem Hocker f\u00fcr einen stylischen Kaffeetisch oder als Sitzplatz und f\u00fcr die F\u00fc\u00dfe zum Ausruhen \u2013 je nach Bedarf einsetzbar. Dekoratives und funktionales M\u00f6bel. Das Tablett gibt es in den Farben schwarz, wei\u00df, Esche und Walnuss.<\/p>\n","protected":false},"excerpt":{"rendered":"<p>Wie d\u00fcrfen wir Sie bedienen? Hocker, Beistelltisch und Tablett in Einem. Die multifunktionalen DRUM Hocker sind perfekt f\u00fcr moderne Wohnr\u00e4ume, in denen die Flexibilit\u00e4t gefragt ist. Ein Tablett auf einem Hocker f\u00fcr einen stylischen Kaffeetisch oder als Sitzplatz und f\u00fcr die F\u00fc\u00dfe zum Ausruhen \u2013 je nach Bedarf einsetzbar. Dekoratives und funktionales M\u00f6bel. Das Tablett [&hellip;]<\/p>\n","protected":false},"featured_media":42444,"comment_status":"closed","ping_status":"closed","template":"","meta":{"_acf_changed":false},"product_brand":[48404],"product_cat":[6259],"product_tag":[],"class_list":{"0":"post-31716","1":"product","2":"type-product","3":"status-publish","4":"has-post-thumbnail","6":"product_brand-drum","7":"product_cat-tische-de","9":"first","10":"instock","11":"shipping-taxable","12":"purchasable","13":"product-type-variable"},"acf":[],"_links":{"self":[{"href":"https:\/\/softlinefurniture.com\/de\/wp-json\/wp\/v2\/product\/31716","targetHints":{"allow":["GET"]}}],"collection":[{"href":"https:\/\/softlinefurniture.com\/de\/wp-json\/wp\/v2\/product"}],"about":[{"href":"https:\/\/softlinefurniture.com\/de\/wp-json\/wp\/v2\/types\/product"}],"replies":[{"embeddable":true,"href":"https:\/\/softlinefurniture.com\/de\/wp-json\/wp\/v2\/comments?post=31716"}],"version-history":[{"count":0,"href":"https:\/\/softlinefurniture.com\/de\/wp-json\/wp\/v2\/product\/31716\/revisions"}],"wp:featuredmedia":[{"embeddable":true,"href":"https:\/\/softlinefurniture.com\/de\/wp-json\/wp\/v2\/media\/42444"}],"wp:attachment":[{"href":"https:\/\/softlinefurniture.com\/de\/wp-json\/wp\/v2\/media?parent=31716"}],"wp:term":[{"taxonomy":"product_brand","embeddable":true,"href":"https:\/\/softlinefurniture.com\/de\/wp-json\/wp\/v2\/product_brand?post=31716"},{"taxonomy":"product_cat","embeddable":true,"href":"https:\/\/softlinefurniture.com\/de\/wp-json\/wp\/v2\/product_cat?post=31716"},{"taxonomy":"product_tag","embeddable":true,"href":"https:\/\/softlinefurniture.com\/de\/wp-json\/wp\/v2\/product_tag?post=31716"}],"curies":[{"name":"wp","href":"https:\/\/api.w.org\/{rel}","templated":true}]}}