{"id":31737,"date":"2020-06-08T18:38:25","date_gmt":"2020-06-08T16:38:25","guid":{"rendered":"https:\/\/softlinefurniture.com\/product\/easy-hocker-liege\/"},"modified":"2026-03-13T08:41:05","modified_gmt":"2026-03-13T07:41:05","slug":"easy-liege-hocker","status":"publish","type":"product","link":"https:\/\/softlinefurniture.com\/de\/produkt\/easy-liege-hocker\/","title":{"rendered":"EASY Liege\/Hocker"},"content":{"rendered":"<p><strong>Entspannen Sie in elegantem Komfort<\/strong><br \/>\nDie geschwungenen Linien von EASY laden zum Entspannen in elegantem Komfort ein. Nutzen Sie EASY zum Lounging, als Pouf, Tabletttisch, Sitzgelegenheit und mehr. Zusammengeklappt oder offen, gestapelt oder ganz allein? Spielen Sie einfach herum und entdecken Sie die vielen M\u00f6glichkeiten, EASY zu nutzen. Erh\u00e4ltlich in Materialien f\u00fcr den Au\u00dfen- und Innenbereich.<\/p>\n","protected":false},"excerpt":{"rendered":"<p>Entspannen Sie in elegantem Komfort Die geschwungenen Linien von EASY laden zum Entspannen in elegantem Komfort ein. Nutzen Sie EASY zum Lounging, als Pouf, Tabletttisch, Sitzgelegenheit und mehr. Zusammengeklappt oder offen, gestapelt oder ganz allein? Spielen Sie einfach herum und entdecken Sie die vielen M\u00f6glichkeiten, EASY zu nutzen. Erh\u00e4ltlich in Materialien f\u00fcr den Au\u00dfen- und [&hellip;]<\/p>\n","protected":false},"featured_media":42449,"comment_status":"closed","ping_status":"closed","template":"","meta":{"_acf_changed":false},"product_brand":[48412],"product_cat":[6258,6249,6252,6253,6247],"product_tag":[],"class_list":{"0":"post-31737","1":"product","2":"type-product","3":"status-publish","4":"has-post-thumbnail","6":"product_brand-easy","7":"product_cat-kollektionen","8":"product_cat-lounge-sessel","9":"product_cat-outdoor","10":"product_cat-pouf-hocker","11":"product_cat-sessel","12":"pa_covers-reinigung-bezuge-mit-dem-symbol-p-konnen-chemisch-gereinigt-werden-ersatzbezuge-sind-lieferbar-wenn-sie-eine-neue-farbe-oder-einen-neuen-stoff-mochten-de","14":"first","15":"instock","16":"shipping-taxable","17":"purchasable","18":"product-type-variable"},"acf":[],"_links":{"self":[{"href":"https:\/\/softlinefurniture.com\/de\/wp-json\/wp\/v2\/product\/31737","targetHints":{"allow":["GET"]}}],"collection":[{"href":"https:\/\/softlinefurniture.com\/de\/wp-json\/wp\/v2\/product"}],"about":[{"href":"https:\/\/softlinefurniture.com\/de\/wp-json\/wp\/v2\/types\/product"}],"replies":[{"embeddable":true,"href":"https:\/\/softlinefurniture.com\/de\/wp-json\/wp\/v2\/comments?post=31737"}],"version-history":[{"count":0,"href":"https:\/\/softlinefurniture.com\/de\/wp-json\/wp\/v2\/product\/31737\/revisions"}],"wp:featuredmedia":[{"embeddable":true,"href":"https:\/\/softlinefurniture.com\/de\/wp-json\/wp\/v2\/media\/42449"}],"wp:attachment":[{"href":"https:\/\/softlinefurniture.com\/de\/wp-json\/wp\/v2\/media?parent=31737"}],"wp:term":[{"taxonomy":"product_brand","embeddable":true,"href":"https:\/\/softlinefurniture.com\/de\/wp-json\/wp\/v2\/product_brand?post=31737"},{"taxonomy":"product_cat","embeddable":true,"href":"https:\/\/softlinefurniture.com\/de\/wp-json\/wp\/v2\/product_cat?post=31737"},{"taxonomy":"product_tag","embeddable":true,"href":"https:\/\/softlinefurniture.com\/de\/wp-json\/wp\/v2\/product_tag?post=31737"}],"curies":[{"name":"wp","href":"https:\/\/api.w.org\/{rel}","templated":true}]}}