{"id":31747,"date":"2020-06-08T01:29:01","date_gmt":"2020-06-07T23:29:01","guid":{"rendered":"https:\/\/softlinefurniture.com\/product\/eden-sessel\/"},"modified":"2026-03-13T08:41:31","modified_gmt":"2026-03-13T07:41:31","slug":"eden-sessel","status":"publish","type":"product","link":"https:\/\/softlinefurniture.com\/de\/produkt\/eden-sessel\/","title":{"rendered":"EDEN Sessel"},"content":{"rendered":"<p><strong>Das Spiel mit Kontrasten<\/strong><br \/>\nIst Ihnen die von Sportwagen inspirierte Naht auf dem EDEN-Stuhl aufgefallen? Kombiniert mit einem klassischen und stilvollen Holzgestell, wirkt EDEN erfrischend neu. Der Stuhl ist ger\u00e4umig mit einer weichen und bequemen Sitzfl\u00e4che und R\u00fcckenlehne, die verschiedene Sitzpositionen erm\u00f6glichen. Das Design schl\u00e4gt Br\u00fccken zwischen vielen verschiedenen Elementen wie das Weiche und das Maskuline, Innovation und Tradition. Perfekt f\u00fcr den privaten wie auch den \u00f6ffentlichen Raum.<\/p>\n<p>Gewinner des Good Design Award 2014<\/p>\n","protected":false},"excerpt":{"rendered":"<p>Das Spiel mit Kontrasten Ist Ihnen die von Sportwagen inspirierte Naht auf dem EDEN-Stuhl aufgefallen? Kombiniert mit einem klassischen und stilvollen Holzgestell, wirkt EDEN erfrischend neu. Der Stuhl ist ger\u00e4umig mit einer weichen und bequemen Sitzfl\u00e4che und R\u00fcckenlehne, die verschiedene Sitzpositionen erm\u00f6glichen. Das Design schl\u00e4gt Br\u00fccken zwischen vielen verschiedenen Elementen wie das Weiche und das [&hellip;]<\/p>\n","protected":false},"featured_media":97141,"comment_status":"closed","ping_status":"closed","template":"","meta":{"_acf_changed":false},"product_brand":[48416],"product_cat":[6258,6249],"product_tag":[],"class_list":{"0":"post-31747","1":"product","2":"type-product","3":"status-publish","4":"has-post-thumbnail","6":"product_brand-eden","7":"product_cat-kollektionen","8":"product_cat-lounge-sessel","10":"first","11":"instock","12":"shipping-taxable","13":"purchasable","14":"product-type-variable"},"acf":[],"_links":{"self":[{"href":"https:\/\/softlinefurniture.com\/de\/wp-json\/wp\/v2\/product\/31747","targetHints":{"allow":["GET"]}}],"collection":[{"href":"https:\/\/softlinefurniture.com\/de\/wp-json\/wp\/v2\/product"}],"about":[{"href":"https:\/\/softlinefurniture.com\/de\/wp-json\/wp\/v2\/types\/product"}],"replies":[{"embeddable":true,"href":"https:\/\/softlinefurniture.com\/de\/wp-json\/wp\/v2\/comments?post=31747"}],"version-history":[{"count":0,"href":"https:\/\/softlinefurniture.com\/de\/wp-json\/wp\/v2\/product\/31747\/revisions"}],"wp:featuredmedia":[{"embeddable":true,"href":"https:\/\/softlinefurniture.com\/de\/wp-json\/wp\/v2\/media\/97141"}],"wp:attachment":[{"href":"https:\/\/softlinefurniture.com\/de\/wp-json\/wp\/v2\/media?parent=31747"}],"wp:term":[{"taxonomy":"product_brand","embeddable":true,"href":"https:\/\/softlinefurniture.com\/de\/wp-json\/wp\/v2\/product_brand?post=31747"},{"taxonomy":"product_cat","embeddable":true,"href":"https:\/\/softlinefurniture.com\/de\/wp-json\/wp\/v2\/product_cat?post=31747"},{"taxonomy":"product_tag","embeddable":true,"href":"https:\/\/softlinefurniture.com\/de\/wp-json\/wp\/v2\/product_tag?post=31747"}],"curies":[{"name":"wp","href":"https:\/\/api.w.org\/{rel}","templated":true}]}}