{"id":31759,"date":"2020-06-12T02:19:58","date_gmt":"2020-06-12T00:19:58","guid":{"rendered":"https:\/\/softlinefurniture.com\/product\/evy-sessel\/"},"modified":"2026-03-13T08:44:21","modified_gmt":"2026-03-13T07:44:21","slug":"evy-sessel","status":"publish","type":"product","link":"https:\/\/softlinefurniture.com\/de\/produkt\/evy-sessel\/","title":{"rendered":"EVY Sessel"},"content":{"rendered":"<p><strong>Maximaler Minimalismus<\/strong><br \/>\nKomfort und Eleganz sind im Loungesessel EVY, entworfen von busk+hertzog, auf wunderbare Weise vereint. Ein klares Design mit einem Minimum an Materialien, die f\u00fcr den eleganten und modernen Look sorgen, f\u00fcr den busk+hertzog bekannt ist. Dieser Loungesessel fordert unsere Wahrnehmung von Dimensionen heraus und l\u00e4sst die gro\u00dfe, bequeme R\u00fcckenlehne als Kontrast zu der weniger ausgepr\u00e4gten Sitzfl\u00e4che und dem leichten, luftigen Gestell wirken.<\/p>\n<p>Gewinner des Good Design Award 2020<\/p>\n","protected":false},"excerpt":{"rendered":"<p>Maximaler Minimalismus Komfort und Eleganz sind im Loungesessel EVY, entworfen von busk+hertzog, auf wunderbare Weise vereint. Ein klares Design mit einem Minimum an Materialien, die f\u00fcr den eleganten und modernen Look sorgen, f\u00fcr den busk+hertzog bekannt ist. Dieser Loungesessel fordert unsere Wahrnehmung von Dimensionen heraus und l\u00e4sst die gro\u00dfe, bequeme R\u00fcckenlehne als Kontrast zu der [&hellip;]<\/p>\n","protected":false},"featured_media":44200,"comment_status":"closed","ping_status":"closed","template":"","meta":{"_acf_changed":false},"product_brand":[48428],"product_cat":[6258,6249],"product_tag":[],"class_list":{"0":"post-31759","1":"product","2":"type-product","3":"status-publish","4":"has-post-thumbnail","6":"product_brand-evy","7":"product_cat-kollektionen","8":"product_cat-lounge-sessel","9":"pa_covers-reinigung-bezuge-mit-dem-symbol-p-konnen-chemisch-gereinigt-werden-ersatzbezuge-sind-lieferbar-wenn-sie-eine-neue-farbe-oder-einen-neuen-stoff-mochten-de","11":"first","12":"instock","13":"shipping-taxable","14":"purchasable","15":"product-type-variable"},"acf":[],"_links":{"self":[{"href":"https:\/\/softlinefurniture.com\/de\/wp-json\/wp\/v2\/product\/31759","targetHints":{"allow":["GET"]}}],"collection":[{"href":"https:\/\/softlinefurniture.com\/de\/wp-json\/wp\/v2\/product"}],"about":[{"href":"https:\/\/softlinefurniture.com\/de\/wp-json\/wp\/v2\/types\/product"}],"replies":[{"embeddable":true,"href":"https:\/\/softlinefurniture.com\/de\/wp-json\/wp\/v2\/comments?post=31759"}],"version-history":[{"count":0,"href":"https:\/\/softlinefurniture.com\/de\/wp-json\/wp\/v2\/product\/31759\/revisions"}],"wp:featuredmedia":[{"embeddable":true,"href":"https:\/\/softlinefurniture.com\/de\/wp-json\/wp\/v2\/media\/44200"}],"wp:attachment":[{"href":"https:\/\/softlinefurniture.com\/de\/wp-json\/wp\/v2\/media?parent=31759"}],"wp:term":[{"taxonomy":"product_brand","embeddable":true,"href":"https:\/\/softlinefurniture.com\/de\/wp-json\/wp\/v2\/product_brand?post=31759"},{"taxonomy":"product_cat","embeddable":true,"href":"https:\/\/softlinefurniture.com\/de\/wp-json\/wp\/v2\/product_cat?post=31759"},{"taxonomy":"product_tag","embeddable":true,"href":"https:\/\/softlinefurniture.com\/de\/wp-json\/wp\/v2\/product_tag?post=31759"}],"curies":[{"name":"wp","href":"https:\/\/api.w.org\/{rel}","templated":true}]}}