{"id":31762,"date":"2020-06-12T04:04:15","date_gmt":"2020-06-12T02:04:15","guid":{"rendered":"https:\/\/softlinefurniture.com\/product\/fluid-sessel\/"},"modified":"2026-03-13T08:44:26","modified_gmt":"2026-03-13T07:44:26","slug":"fluid-sessel","status":"publish","type":"product","link":"https:\/\/softlinefurniture.com\/de\/produkt\/fluid-sessel\/","title":{"rendered":"FLUID Sessel"},"content":{"rendered":"<p><strong>Eine Einladung zum Entspannen<\/strong><br \/>\nFLUID ist ein entspannendes und bequemes Sofa und Sessel, das auf dem Sitzsackprinzip basiert. Es passt sich dem Menschen an, der darin sitzt, und ist unglaublich entspannend. Leicht, bequem und in Materialien f\u00fcr den Innen- und Au\u00dfenbereich erh\u00e4ltlich.<\/p>\n","protected":false},"excerpt":{"rendered":"<p>Eine Einladung zum Entspannen FLUID ist ein entspannendes und bequemes Sofa und Sessel, das auf dem Sitzsackprinzip basiert. Es passt sich dem Menschen an, der darin sitzt, und ist unglaublich entspannend. Leicht, bequem und in Materialien f\u00fcr den Innen- und Au\u00dfenbereich erh\u00e4ltlich.<\/p>\n","protected":false},"featured_media":42484,"comment_status":"closed","ping_status":"closed","template":"","meta":{"_acf_changed":false},"product_brand":[48432],"product_cat":[6251,6249,6252,6246],"product_tag":[],"class_list":{"0":"post-31762","1":"product","2":"type-product","3":"status-publish","4":"has-post-thumbnail","6":"product_brand-fluid","7":"product_cat-kindermoebel","8":"product_cat-lounge-sessel","9":"product_cat-outdoor","10":"product_cat-sitzsaecke","11":"pa_covers-reinigung-bezuge-mit-dem-symbol-p-konnen-chemisch-gereinigt-werden-ersatzbezuge-sind-lieferbar-wenn-sie-eine-neue-farbe-oder-einen-neuen-stoff-mochten-de","13":"first","14":"instock","15":"shipping-taxable","16":"purchasable","17":"product-type-variable"},"acf":[],"_links":{"self":[{"href":"https:\/\/softlinefurniture.com\/de\/wp-json\/wp\/v2\/product\/31762","targetHints":{"allow":["GET"]}}],"collection":[{"href":"https:\/\/softlinefurniture.com\/de\/wp-json\/wp\/v2\/product"}],"about":[{"href":"https:\/\/softlinefurniture.com\/de\/wp-json\/wp\/v2\/types\/product"}],"replies":[{"embeddable":true,"href":"https:\/\/softlinefurniture.com\/de\/wp-json\/wp\/v2\/comments?post=31762"}],"version-history":[{"count":0,"href":"https:\/\/softlinefurniture.com\/de\/wp-json\/wp\/v2\/product\/31762\/revisions"}],"wp:featuredmedia":[{"embeddable":true,"href":"https:\/\/softlinefurniture.com\/de\/wp-json\/wp\/v2\/media\/42484"}],"wp:attachment":[{"href":"https:\/\/softlinefurniture.com\/de\/wp-json\/wp\/v2\/media?parent=31762"}],"wp:term":[{"taxonomy":"product_brand","embeddable":true,"href":"https:\/\/softlinefurniture.com\/de\/wp-json\/wp\/v2\/product_brand?post=31762"},{"taxonomy":"product_cat","embeddable":true,"href":"https:\/\/softlinefurniture.com\/de\/wp-json\/wp\/v2\/product_cat?post=31762"},{"taxonomy":"product_tag","embeddable":true,"href":"https:\/\/softlinefurniture.com\/de\/wp-json\/wp\/v2\/product_tag?post=31762"}],"curies":[{"name":"wp","href":"https:\/\/api.w.org\/{rel}","templated":true}]}}