{"id":31797,"date":"2020-06-11T04:24:38","date_gmt":"2020-06-11T02:24:38","guid":{"rendered":"https:\/\/softlinefurniture.com\/product\/grand-prix-schaukelstuhl\/"},"modified":"2026-03-13T08:46:35","modified_gmt":"2026-03-13T07:46:35","slug":"grand-prix-sessel","status":"publish","type":"product","link":"https:\/\/softlinefurniture.com\/de\/produkt\/grand-prix-sessel\/","title":{"rendered":"GRAND PRIX Sessel"},"content":{"rendered":"<p><strong>Ein Schaukelstuhl der anderen Art<\/strong><br \/>\nDer dekorative Schaukelstuhl GRAND PRIX ist ein Unikat. Die Form und das Design sind lustig sowie fr\u00f6hlich und sprechen Kinder, Jugendliche und Erwachsene gleicherma\u00dfen an. Sogar die Kinder des d\u00e4nischen K\u00f6nigshauses haben eine einzigartige monogrammierte Version des GRAND PRIX Schaukelstuhls.<\/p>\n","protected":false},"excerpt":{"rendered":"<p>Ein Schaukelstuhl der anderen Art Der dekorative Schaukelstuhl GRAND PRIX ist ein Unikat. Die Form und das Design sind lustig sowie fr\u00f6hlich und sprechen Kinder, Jugendliche und Erwachsene gleicherma\u00dfen an. Sogar die Kinder des d\u00e4nischen K\u00f6nigshauses haben eine einzigartige monogrammierte Version des GRAND PRIX Schaukelstuhls.<\/p>\n","protected":false},"featured_media":42514,"comment_status":"closed","ping_status":"closed","template":"","meta":{"_acf_changed":false},"product_brand":[48448],"product_cat":[6251,6258,6249],"product_tag":[],"class_list":{"0":"post-31797","1":"product","2":"type-product","3":"status-publish","4":"has-post-thumbnail","6":"product_brand-grand-prix","7":"product_cat-kindermoebel","8":"product_cat-kollektionen","9":"product_cat-lounge-sessel","10":"pa_covers-cleaning-covers-can-be-dry-cleaned-as-they-have-been-given-the-symbol-p-extra-covers-can-be-purchased-if-you-need-a-new-colour-or-fabric","12":"first","13":"instock","14":"shipping-taxable","15":"purchasable","16":"product-type-variable"},"acf":[],"_links":{"self":[{"href":"https:\/\/softlinefurniture.com\/de\/wp-json\/wp\/v2\/product\/31797","targetHints":{"allow":["GET"]}}],"collection":[{"href":"https:\/\/softlinefurniture.com\/de\/wp-json\/wp\/v2\/product"}],"about":[{"href":"https:\/\/softlinefurniture.com\/de\/wp-json\/wp\/v2\/types\/product"}],"replies":[{"embeddable":true,"href":"https:\/\/softlinefurniture.com\/de\/wp-json\/wp\/v2\/comments?post=31797"}],"version-history":[{"count":0,"href":"https:\/\/softlinefurniture.com\/de\/wp-json\/wp\/v2\/product\/31797\/revisions"}],"wp:featuredmedia":[{"embeddable":true,"href":"https:\/\/softlinefurniture.com\/de\/wp-json\/wp\/v2\/media\/42514"}],"wp:attachment":[{"href":"https:\/\/softlinefurniture.com\/de\/wp-json\/wp\/v2\/media?parent=31797"}],"wp:term":[{"taxonomy":"product_brand","embeddable":true,"href":"https:\/\/softlinefurniture.com\/de\/wp-json\/wp\/v2\/product_brand?post=31797"},{"taxonomy":"product_cat","embeddable":true,"href":"https:\/\/softlinefurniture.com\/de\/wp-json\/wp\/v2\/product_cat?post=31797"},{"taxonomy":"product_tag","embeddable":true,"href":"https:\/\/softlinefurniture.com\/de\/wp-json\/wp\/v2\/product_tag?post=31797"}],"curies":[{"name":"wp","href":"https:\/\/api.w.org\/{rel}","templated":true}]}}