{"id":31821,"date":"2020-06-04T07:33:23","date_gmt":"2020-06-04T05:33:23","guid":{"rendered":"https:\/\/softlinefurniture.com\/product\/handy-koffermatratze\/"},"modified":"2026-03-13T08:49:14","modified_gmt":"2026-03-13T07:49:14","slug":"handy-koffermatratze","status":"publish","type":"product","link":"https:\/\/softlinefurniture.com\/de\/produkt\/handy-koffermatratze\/","title":{"rendered":"HANDY Koffermatratze"},"content":{"rendered":"<p><strong>Ein Koffer voller M\u00f6glichkeiten<\/strong><br \/>\nHANDY ist funktional sowie einfach zu verstauen und aufzufalten, was ihn in vielen Haushalten sehr beliebt macht. Die dreifach gefaltete &#8220;Koffer&#8221;-Matratze entfaltet sich zu einer Schlafmatratze. Perfekt f\u00fcr Ihren Gast oder f\u00fcr Ihre Kinder, die damit stundenlang spielen k\u00f6nnen.<\/p>\n","protected":false},"excerpt":{"rendered":"<p>Ein Koffer voller M\u00f6glichkeiten HANDY ist funktional sowie einfach zu verstauen und aufzufalten, was ihn in vielen Haushalten sehr beliebt macht. Die dreifach gefaltete &#8220;Koffer&#8221;-Matratze entfaltet sich zu einer Schlafmatratze. Perfekt f\u00fcr Ihren Gast oder f\u00fcr Ihre Kinder, die damit stundenlang spielen k\u00f6nnen.<\/p>\n","protected":false},"featured_media":42534,"comment_status":"closed","ping_status":"closed","template":"","meta":{"_acf_changed":false},"product_brand":[48460],"product_cat":[34637,6251,6258,6253],"product_tag":[6274],"class_list":{"0":"post-31821","1":"product","2":"type-product","3":"status-publish","4":"has-post-thumbnail","6":"product_brand-handy","7":"product_cat-hocker-mit-matratze","8":"product_cat-kindermoebel","9":"product_cat-kollektionen","10":"product_cat-pouf-hocker","11":"product_tag-funktion","12":"pa_covers-reinigung-bezuge-mit-dem-symbol-p-konnen-chemisch-gereinigt-werden-ersatzbezuge-sind-lieferbar-wenn-sie-eine-neue-farbe-oder-einen-neuen-stoff-mochten-de","14":"first","15":"instock","16":"shipping-taxable","17":"purchasable","18":"product-type-variable"},"acf":[],"_links":{"self":[{"href":"https:\/\/softlinefurniture.com\/de\/wp-json\/wp\/v2\/product\/31821","targetHints":{"allow":["GET"]}}],"collection":[{"href":"https:\/\/softlinefurniture.com\/de\/wp-json\/wp\/v2\/product"}],"about":[{"href":"https:\/\/softlinefurniture.com\/de\/wp-json\/wp\/v2\/types\/product"}],"replies":[{"embeddable":true,"href":"https:\/\/softlinefurniture.com\/de\/wp-json\/wp\/v2\/comments?post=31821"}],"version-history":[{"count":0,"href":"https:\/\/softlinefurniture.com\/de\/wp-json\/wp\/v2\/product\/31821\/revisions"}],"wp:featuredmedia":[{"embeddable":true,"href":"https:\/\/softlinefurniture.com\/de\/wp-json\/wp\/v2\/media\/42534"}],"wp:attachment":[{"href":"https:\/\/softlinefurniture.com\/de\/wp-json\/wp\/v2\/media?parent=31821"}],"wp:term":[{"taxonomy":"product_brand","embeddable":true,"href":"https:\/\/softlinefurniture.com\/de\/wp-json\/wp\/v2\/product_brand?post=31821"},{"taxonomy":"product_cat","embeddable":true,"href":"https:\/\/softlinefurniture.com\/de\/wp-json\/wp\/v2\/product_cat?post=31821"},{"taxonomy":"product_tag","embeddable":true,"href":"https:\/\/softlinefurniture.com\/de\/wp-json\/wp\/v2\/product_tag?post=31821"}],"curies":[{"name":"wp","href":"https:\/\/api.w.org\/{rel}","templated":true}]}}