{"id":31846,"date":"2020-06-09T01:22:50","date_gmt":"2020-06-08T23:22:50","guid":{"rendered":"https:\/\/softlinefurniture.com\/product\/havana-swivel-ohrensessel\/"},"modified":"2026-03-13T08:54:09","modified_gmt":"2026-03-13T07:54:09","slug":"havana-swivel-ohrensessel","status":"publish","type":"product","link":"https:\/\/softlinefurniture.com\/de\/produkt\/havana-swivel-ohrensessel\/","title":{"rendered":"HAVANA Swivel Ohrensessel"},"content":{"rendered":"<p><strong>Ein Erfolg zum Drehen<\/strong><\/p>\n<p>Der sehr erfolgreiche HAVANA Ohrensessel ist auch mit einem Drehfu\u00df erh\u00e4ltlich. Er vereint alle urspr\u00fcnglichen Eigenschaften und Vorz\u00fcge von HAVANA mit einem dynamischen, modernen sowie leichten Design, hervorragendem Komfort und exklusiver Verarbeitung.<\/p>\n<p>&nbsp;<\/p>\n<p>Preistr\u00e4ger des Interior Innovation Award 2014<\/p>\n<p>Preistr\u00e4ger des Good Design Award 2014<\/p>\n","protected":false},"excerpt":{"rendered":"<p>Ein Erfolg zum Drehen Der sehr erfolgreiche HAVANA Ohrensessel ist auch mit einem Drehfu\u00df erh\u00e4ltlich. Er vereint alle urspr\u00fcnglichen Eigenschaften und Vorz\u00fcge von HAVANA mit einem dynamischen, modernen sowie leichten Design, hervorragendem Komfort und exklusiver Verarbeitung. &nbsp; Preistr\u00e4ger des Interior Innovation Award 2014 Preistr\u00e4ger des Good Design Award 2014<\/p>\n","protected":false},"featured_media":42549,"comment_status":"closed","ping_status":"closed","template":"","meta":{"_acf_changed":false},"product_brand":[48468],"product_cat":[47949,6249],"product_tag":[],"class_list":{"0":"post-31846","1":"product","2":"type-product","3":"status-publish","4":"has-post-thumbnail","6":"product_brand-havana-swivel","7":"product_cat-drehsessel","8":"product_cat-lounge-sessel","9":"pa_covers-reinigung-bezuge-mit-dem-symbol-p-konnen-chemisch-gereinigt-werden-ersatzbezuge-sind-lieferbar-wenn-sie-eine-neue-farbe-oder-einen-neuen-stoff-mochten-de","11":"first","12":"instock","13":"shipping-taxable","14":"purchasable","15":"product-type-variable"},"acf":[],"_links":{"self":[{"href":"https:\/\/softlinefurniture.com\/de\/wp-json\/wp\/v2\/product\/31846","targetHints":{"allow":["GET"]}}],"collection":[{"href":"https:\/\/softlinefurniture.com\/de\/wp-json\/wp\/v2\/product"}],"about":[{"href":"https:\/\/softlinefurniture.com\/de\/wp-json\/wp\/v2\/types\/product"}],"replies":[{"embeddable":true,"href":"https:\/\/softlinefurniture.com\/de\/wp-json\/wp\/v2\/comments?post=31846"}],"version-history":[{"count":0,"href":"https:\/\/softlinefurniture.com\/de\/wp-json\/wp\/v2\/product\/31846\/revisions"}],"wp:featuredmedia":[{"embeddable":true,"href":"https:\/\/softlinefurniture.com\/de\/wp-json\/wp\/v2\/media\/42549"}],"wp:attachment":[{"href":"https:\/\/softlinefurniture.com\/de\/wp-json\/wp\/v2\/media?parent=31846"}],"wp:term":[{"taxonomy":"product_brand","embeddable":true,"href":"https:\/\/softlinefurniture.com\/de\/wp-json\/wp\/v2\/product_brand?post=31846"},{"taxonomy":"product_cat","embeddable":true,"href":"https:\/\/softlinefurniture.com\/de\/wp-json\/wp\/v2\/product_cat?post=31846"},{"taxonomy":"product_tag","embeddable":true,"href":"https:\/\/softlinefurniture.com\/de\/wp-json\/wp\/v2\/product_tag?post=31846"}],"curies":[{"name":"wp","href":"https:\/\/api.w.org\/{rel}","templated":true}]}}