{"id":31870,"date":"2020-06-04T09:48:32","date_gmt":"2020-06-04T07:48:32","guid":{"rendered":"https:\/\/softlinefurniture.com\/product\/hugo-lounge-sessel\/"},"modified":"2026-03-13T09:37:30","modified_gmt":"2026-03-13T08:37:30","slug":"hugo-lounge-sessel","status":"publish","type":"product","link":"https:\/\/softlinefurniture.com\/de\/produkt\/hugo-lounge-sessel\/","title":{"rendered":"HUGO Lounge Sessel"},"content":{"rendered":"<p><strong>Gem\u00fctlich und charmant<\/strong><br \/>\nHUGO ist ein gem\u00fctlicher Loungesessel, geschaffen f\u00fcr einen modernen Lebensstil. Mit Charakter und Charme ist HUGO die offensichtliche Wahl f\u00fcr Designbewusste &#8211; als alleinstehender Stuhl im Privathaushalt oder als Teil einer Lounge-Einrichtung in einer \u00f6ffentlichen Umgebung.<\/p>\n","protected":false},"excerpt":{"rendered":"<p>Gem\u00fctlich und charmant HUGO ist ein gem\u00fctlicher Loungesessel, geschaffen f\u00fcr einen modernen Lebensstil. Mit Charakter und Charme ist HUGO die offensichtliche Wahl f\u00fcr Designbewusste &#8211; als alleinstehender Stuhl im Privathaushalt oder als Teil einer Lounge-Einrichtung in einer \u00f6ffentlichen Umgebung.<\/p>\n","protected":false},"featured_media":44390,"comment_status":"closed","ping_status":"closed","template":"","meta":{"_acf_changed":false},"product_brand":[48480],"product_cat":[6251,6258,6249],"product_tag":[],"class_list":{"0":"post-31870","1":"product","2":"type-product","3":"status-publish","4":"has-post-thumbnail","6":"product_brand-hugo","7":"product_cat-kindermoebel","8":"product_cat-kollektionen","9":"product_cat-lounge-sessel","10":"pa_covers-reinigung-bezuge-mit-dem-symbol-p-konnen-chemisch-gereinigt-werden-ersatzbezuge-sind-lieferbar-wenn-sie-eine-neue-farbe-oder-einen-neuen-stoff-mochten-de","12":"first","13":"instock","14":"shipping-taxable","15":"purchasable","16":"product-type-variable"},"acf":[],"_links":{"self":[{"href":"https:\/\/softlinefurniture.com\/de\/wp-json\/wp\/v2\/product\/31870","targetHints":{"allow":["GET"]}}],"collection":[{"href":"https:\/\/softlinefurniture.com\/de\/wp-json\/wp\/v2\/product"}],"about":[{"href":"https:\/\/softlinefurniture.com\/de\/wp-json\/wp\/v2\/types\/product"}],"replies":[{"embeddable":true,"href":"https:\/\/softlinefurniture.com\/de\/wp-json\/wp\/v2\/comments?post=31870"}],"version-history":[{"count":0,"href":"https:\/\/softlinefurniture.com\/de\/wp-json\/wp\/v2\/product\/31870\/revisions"}],"wp:featuredmedia":[{"embeddable":true,"href":"https:\/\/softlinefurniture.com\/de\/wp-json\/wp\/v2\/media\/44390"}],"wp:attachment":[{"href":"https:\/\/softlinefurniture.com\/de\/wp-json\/wp\/v2\/media?parent=31870"}],"wp:term":[{"taxonomy":"product_brand","embeddable":true,"href":"https:\/\/softlinefurniture.com\/de\/wp-json\/wp\/v2\/product_brand?post=31870"},{"taxonomy":"product_cat","embeddable":true,"href":"https:\/\/softlinefurniture.com\/de\/wp-json\/wp\/v2\/product_cat?post=31870"},{"taxonomy":"product_tag","embeddable":true,"href":"https:\/\/softlinefurniture.com\/de\/wp-json\/wp\/v2\/product_tag?post=31870"}],"curies":[{"name":"wp","href":"https:\/\/api.w.org\/{rel}","templated":true}]}}