{"id":31882,"date":"2020-06-09T02:00:03","date_gmt":"2020-06-09T00:00:03","guid":{"rendered":"https:\/\/softlinefurniture.com\/product\/jasper-schlafsofa\/"},"modified":"2026-03-13T09:37:35","modified_gmt":"2026-03-13T08:37:35","slug":"jasper-sofa-schlafsofa","status":"publish","type":"product","link":"https:\/\/softlinefurniture.com\/de\/produkt\/jasper-sofa-schlafsofa\/","title":{"rendered":"JASPER Sofa\/Schlafsofa"},"content":{"rendered":"<p><strong>Stilvoll und praktisch<\/strong><br \/>\nDas moderne Sofa JASPER hat ein zeitgem\u00e4\u00dfes Design, das sich sowohl f\u00fcr private Wohnungen als auch f\u00fcr \u00f6ffentliche R\u00e4ume eignet. Das Design der R\u00fcckenlehne erm\u00f6glicht das Sitzen in den &#8220;Ecken&#8221; des Sofas und bietet so viel mehr M\u00f6glichkeiten zum Entspannen als ein durchschnittliches Schlafsofa. Als verstecktes Extra l\u00e4sst sich JASPER leicht in ein bequemes Bett f\u00fcr zwei Erwachsene verwandeln.<\/p>\n","protected":false},"excerpt":{"rendered":"<p>Stilvoll und praktisch Das moderne Sofa JASPER hat ein zeitgem\u00e4\u00dfes Design, das sich sowohl f\u00fcr private Wohnungen als auch f\u00fcr \u00f6ffentliche R\u00e4ume eignet. Das Design der R\u00fcckenlehne erm\u00f6glicht das Sitzen in den &#8220;Ecken&#8221; des Sofas und bietet so viel mehr M\u00f6glichkeiten zum Entspannen als ein durchschnittliches Schlafsofa. Als verstecktes Extra l\u00e4sst sich JASPER leicht in [&hellip;]<\/p>\n","protected":false},"featured_media":42579,"comment_status":"closed","ping_status":"closed","template":"","meta":{"_acf_changed":false},"product_brand":[48488],"product_cat":[6258,6257],"product_tag":[6274,34680],"class_list":{"0":"post-31882","1":"product","2":"type-product","3":"status-publish","4":"has-post-thumbnail","6":"product_brand-jasper","7":"product_cat-kollektionen","8":"product_cat-schlafsofas","9":"product_tag-funktion","10":"product_tag-sofa-de","11":"pa_covers-abnehmbare-bezuge-reinigung-bezuge-mit-dem-symbol-p-konnen-chemisch-gereinigt-werden-ersatzbezuge-sind-lieferbar-wenn-sie-eine-neue-farbe-oder-einen-neuen-stoff-mochten-de","13":"first","14":"instock","15":"shipping-taxable","16":"purchasable","17":"product-type-variable"},"acf":[],"_links":{"self":[{"href":"https:\/\/softlinefurniture.com\/de\/wp-json\/wp\/v2\/product\/31882","targetHints":{"allow":["GET"]}}],"collection":[{"href":"https:\/\/softlinefurniture.com\/de\/wp-json\/wp\/v2\/product"}],"about":[{"href":"https:\/\/softlinefurniture.com\/de\/wp-json\/wp\/v2\/types\/product"}],"replies":[{"embeddable":true,"href":"https:\/\/softlinefurniture.com\/de\/wp-json\/wp\/v2\/comments?post=31882"}],"version-history":[{"count":0,"href":"https:\/\/softlinefurniture.com\/de\/wp-json\/wp\/v2\/product\/31882\/revisions"}],"wp:featuredmedia":[{"embeddable":true,"href":"https:\/\/softlinefurniture.com\/de\/wp-json\/wp\/v2\/media\/42579"}],"wp:attachment":[{"href":"https:\/\/softlinefurniture.com\/de\/wp-json\/wp\/v2\/media?parent=31882"}],"wp:term":[{"taxonomy":"product_brand","embeddable":true,"href":"https:\/\/softlinefurniture.com\/de\/wp-json\/wp\/v2\/product_brand?post=31882"},{"taxonomy":"product_cat","embeddable":true,"href":"https:\/\/softlinefurniture.com\/de\/wp-json\/wp\/v2\/product_cat?post=31882"},{"taxonomy":"product_tag","embeddable":true,"href":"https:\/\/softlinefurniture.com\/de\/wp-json\/wp\/v2\/product_tag?post=31882"}],"curies":[{"name":"wp","href":"https:\/\/api.w.org\/{rel}","templated":true}]}}