{"id":31892,"date":"2020-06-08T19:04:11","date_gmt":"2020-06-08T17:04:11","guid":{"rendered":"https:\/\/softlinefurniture.com\/product\/lake-hocker\/"},"modified":"2026-03-13T10:07:00","modified_gmt":"2026-03-13T09:07:00","slug":"lake-hocker","status":"publish","type":"product","link":"https:\/\/softlinefurniture.com\/de\/produkt\/lake-hocker\/","title":{"rendered":"LAKE Hocker"},"content":{"rendered":"<p><strong>Ein grafischer Touch<\/strong><br \/>\nLAKE ist ein asymmetrischer Pouf mit einem charakteristischen und leicht wiedererkennbaren Design, das ihn als individuelles Designelement in der Einrichtung hervorstechen l\u00e4sst. Gleichzeitig ist LAKE so konzipiert, dass er sich hervorragend in Gruppen kombinieren l\u00e4sst. Zusammen bilden die Poufs eine praktische Sitzgelegenheit mit interessantem, grafischem Look &#8211; n\u00fctzlich in privaten Wohnungen ebenso wie in \u00f6ffentlichen R\u00e4umen.<\/p>\n<p>&nbsp;<\/p>\n","protected":false},"excerpt":{"rendered":"<p>&nbsp;<\/p>\n<p>&nbsp;<\/p>\n","protected":false},"featured_media":42589,"comment_status":"closed","ping_status":"closed","template":"","meta":{"_acf_changed":false},"product_brand":[48496],"product_cat":[6258,6253],"product_tag":[],"class_list":{"0":"post-31892","1":"product","2":"type-product","3":"status-publish","4":"has-post-thumbnail","6":"product_brand-lake","7":"product_cat-kollektionen","8":"product_cat-pouf-hocker","9":"pa_covers-abnehmbare-bezuge-reinigung-bezuge-mit-dem-symbol-p-konnen-chemisch-gereinigt-werden-ersatzbezuge-sind-lieferbar-wenn-sie-eine-neue-farbe-oder-einen-neuen-stoff-mochten-de","11":"first","12":"instock","13":"shipping-taxable","14":"purchasable","15":"product-type-variable"},"acf":[],"_links":{"self":[{"href":"https:\/\/softlinefurniture.com\/de\/wp-json\/wp\/v2\/product\/31892","targetHints":{"allow":["GET"]}}],"collection":[{"href":"https:\/\/softlinefurniture.com\/de\/wp-json\/wp\/v2\/product"}],"about":[{"href":"https:\/\/softlinefurniture.com\/de\/wp-json\/wp\/v2\/types\/product"}],"replies":[{"embeddable":true,"href":"https:\/\/softlinefurniture.com\/de\/wp-json\/wp\/v2\/comments?post=31892"}],"version-history":[{"count":0,"href":"https:\/\/softlinefurniture.com\/de\/wp-json\/wp\/v2\/product\/31892\/revisions"}],"wp:featuredmedia":[{"embeddable":true,"href":"https:\/\/softlinefurniture.com\/de\/wp-json\/wp\/v2\/media\/42589"}],"wp:attachment":[{"href":"https:\/\/softlinefurniture.com\/de\/wp-json\/wp\/v2\/media?parent=31892"}],"wp:term":[{"taxonomy":"product_brand","embeddable":true,"href":"https:\/\/softlinefurniture.com\/de\/wp-json\/wp\/v2\/product_brand?post=31892"},{"taxonomy":"product_cat","embeddable":true,"href":"https:\/\/softlinefurniture.com\/de\/wp-json\/wp\/v2\/product_cat?post=31892"},{"taxonomy":"product_tag","embeddable":true,"href":"https:\/\/softlinefurniture.com\/de\/wp-json\/wp\/v2\/product_tag?post=31892"}],"curies":[{"name":"wp","href":"https:\/\/api.w.org\/{rel}","templated":true}]}}