{"id":31904,"date":"2020-06-12T02:49:04","date_gmt":"2020-06-12T00:49:04","guid":{"rendered":"https:\/\/softlinefurniture.com\/product\/lisbon-pouf\/"},"modified":"2026-03-13T10:07:47","modified_gmt":"2026-03-13T09:07:47","slug":"lisbon-hocker","status":"publish","type":"product","link":"https:\/\/softlinefurniture.com\/de\/produkt\/lisbon-hocker\/","title":{"rendered":"LISBON Hocker"},"content":{"rendered":"<p><strong>Nehmen Sie Platz, wie Sie wollen<\/strong><br \/>\nLISBON ist ein handlicher, multifunktionaler Pouf mit vielen exquisiten Details. Er ist in zwei Gr\u00f6\u00dfen erh\u00e4ltlich. Er l\u00e4sst sich durch die verschiedenen Material- und Farbkombinationen vielseitig einsetzen &#8211; als perfekte zus\u00e4tzliche Sitzgelegenheit im Wohnzimmer, Schlafzimmer, Flur usw.<\/p>\n","protected":false},"excerpt":{"rendered":"<p>Nehmen Sie Platz, wie Sie wollen LISBON ist ein handlicher, multifunktionaler Pouf mit vielen exquisiten Details. Er ist in zwei Gr\u00f6\u00dfen erh\u00e4ltlich. Er l\u00e4sst sich durch die verschiedenen Material- und Farbkombinationen vielseitig einsetzen &#8211; als perfekte zus\u00e4tzliche Sitzgelegenheit im Wohnzimmer, Schlafzimmer, Flur usw.<\/p>\n","protected":false},"featured_media":42599,"comment_status":"closed","ping_status":"closed","template":"","meta":{"_acf_changed":false},"product_brand":[48504],"product_cat":[6258,6253],"product_tag":[],"class_list":{"0":"post-31904","1":"product","2":"type-product","3":"status-publish","4":"has-post-thumbnail","6":"product_brand-lisbon","7":"product_cat-kollektionen","8":"product_cat-pouf-hocker","9":"pa_covers-reinigung-bezuge-mit-dem-symbol-p-konnen-chemisch-gereinigt-werden-ersatzbezuge-sind-lieferbar-wenn-sie-eine-neue-farbe-oder-einen-neuen-stoff-mochten-de","11":"first","12":"instock","13":"shipping-taxable","14":"purchasable","15":"product-type-variable"},"acf":[],"_links":{"self":[{"href":"https:\/\/softlinefurniture.com\/de\/wp-json\/wp\/v2\/product\/31904","targetHints":{"allow":["GET"]}}],"collection":[{"href":"https:\/\/softlinefurniture.com\/de\/wp-json\/wp\/v2\/product"}],"about":[{"href":"https:\/\/softlinefurniture.com\/de\/wp-json\/wp\/v2\/types\/product"}],"replies":[{"embeddable":true,"href":"https:\/\/softlinefurniture.com\/de\/wp-json\/wp\/v2\/comments?post=31904"}],"version-history":[{"count":0,"href":"https:\/\/softlinefurniture.com\/de\/wp-json\/wp\/v2\/product\/31904\/revisions"}],"wp:featuredmedia":[{"embeddable":true,"href":"https:\/\/softlinefurniture.com\/de\/wp-json\/wp\/v2\/media\/42599"}],"wp:attachment":[{"href":"https:\/\/softlinefurniture.com\/de\/wp-json\/wp\/v2\/media?parent=31904"}],"wp:term":[{"taxonomy":"product_brand","embeddable":true,"href":"https:\/\/softlinefurniture.com\/de\/wp-json\/wp\/v2\/product_brand?post=31904"},{"taxonomy":"product_cat","embeddable":true,"href":"https:\/\/softlinefurniture.com\/de\/wp-json\/wp\/v2\/product_cat?post=31904"},{"taxonomy":"product_tag","embeddable":true,"href":"https:\/\/softlinefurniture.com\/de\/wp-json\/wp\/v2\/product_tag?post=31904"}],"curies":[{"name":"wp","href":"https:\/\/api.w.org\/{rel}","templated":true}]}}