{"id":31922,"date":"2020-06-14T01:09:55","date_gmt":"2020-06-13T23:09:55","guid":{"rendered":"https:\/\/softlinefurniture.com\/product\/madison-schlafsofa\/"},"modified":"2026-03-13T10:18:51","modified_gmt":"2026-03-13T09:18:51","slug":"madison-sofa-schlafsofa","status":"publish","type":"product","link":"https:\/\/softlinefurniture.com\/de\/produkt\/madison-sofa-schlafsofa\/","title":{"rendered":"MADISON Sofa\/Schlafsofa"},"content":{"rendered":"<p><strong>Stilvoll und l\u00e4ssig<\/strong><br \/>\nEin frisches, unkompliziertes Schlafsofa in schickem Design, perfekt zum Sitzen, Chillen und Schlafen. Mit den stoffbezogenen Stahlarmlehnen und den Kissen mit spitzen N\u00e4hten strahlt das Sofa eine l\u00e4ssige Eleganz aus. Die Konstruktion der Armlehnen schafft eine starke Identit\u00e4t und Einzigartigkeit. Die Sitztiefe des Sofas MADISON l\u00e4dt zum Faulenzen und Chillen ein. Die frei arrangierbaren Kissen k\u00f6nnen als Armlehnen, zur Lendenwirbelst\u00fctze oder als R\u00fcckenlehne genutzt werden &#8211; und auch f\u00fcr Ihr pers\u00f6nliches Lieblingskissen ist gen\u00fcgend Platz vorhanden. Als verstecktes Extra l\u00e4sst sich MADISON ganz einfach in ein bequemes Einzel- oder Doppelbett verwandeln.<\/p>\n<p>Ausgezeichnet mit dem Good Design Award 2018<\/p>\n","protected":false},"excerpt":{"rendered":"<p>Stilvoll und l\u00e4ssig Ein frisches, unkompliziertes Schlafsofa in schickem Design, perfekt zum Sitzen, Chillen und Schlafen. Mit den stoffbezogenen Stahlarmlehnen und den Kissen mit spitzen N\u00e4hten strahlt das Sofa eine l\u00e4ssige Eleganz aus. Die Konstruktion der Armlehnen schafft eine starke Identit\u00e4t und Einzigartigkeit. Die Sitztiefe des Sofas MADISON l\u00e4dt zum Faulenzen und Chillen ein. Die [&hellip;]<\/p>\n","protected":false},"featured_media":14614,"comment_status":"closed","ping_status":"closed","template":"","meta":{"_acf_changed":false},"product_brand":[48528],"product_cat":[6258,6257,6254],"product_tag":[34680],"class_list":{"0":"post-31922","1":"product","2":"type-product","3":"status-publish","4":"has-post-thumbnail","6":"product_brand-madison","7":"product_cat-kollektionen","8":"product_cat-schlafsofas","9":"product_cat-sofas-de","10":"product_tag-sofa-de","11":"pa_covers-reinigung-bezuge-mit-dem-symbol-p-konnen-chemisch-gereinigt-werden-ersatzbezuge-sind-lieferbar-wenn-sie-eine-neue-farbe-oder-einen-neuen-stoff-mochten-de","13":"first","14":"instock","15":"shipping-taxable","16":"purchasable","17":"product-type-variable"},"acf":[],"_links":{"self":[{"href":"https:\/\/softlinefurniture.com\/de\/wp-json\/wp\/v2\/product\/31922","targetHints":{"allow":["GET"]}}],"collection":[{"href":"https:\/\/softlinefurniture.com\/de\/wp-json\/wp\/v2\/product"}],"about":[{"href":"https:\/\/softlinefurniture.com\/de\/wp-json\/wp\/v2\/types\/product"}],"replies":[{"embeddable":true,"href":"https:\/\/softlinefurniture.com\/de\/wp-json\/wp\/v2\/comments?post=31922"}],"version-history":[{"count":0,"href":"https:\/\/softlinefurniture.com\/de\/wp-json\/wp\/v2\/product\/31922\/revisions"}],"wp:featuredmedia":[{"embeddable":true,"href":"https:\/\/softlinefurniture.com\/de\/wp-json\/wp\/v2\/media\/14614"}],"wp:attachment":[{"href":"https:\/\/softlinefurniture.com\/de\/wp-json\/wp\/v2\/media?parent=31922"}],"wp:term":[{"taxonomy":"product_brand","embeddable":true,"href":"https:\/\/softlinefurniture.com\/de\/wp-json\/wp\/v2\/product_brand?post=31922"},{"taxonomy":"product_cat","embeddable":true,"href":"https:\/\/softlinefurniture.com\/de\/wp-json\/wp\/v2\/product_cat?post=31922"},{"taxonomy":"product_tag","embeddable":true,"href":"https:\/\/softlinefurniture.com\/de\/wp-json\/wp\/v2\/product_tag?post=31922"}],"curies":[{"name":"wp","href":"https:\/\/api.w.org\/{rel}","templated":true}]}}