{"id":31944,"date":"2020-06-19T18:37:06","date_gmt":"2020-06-19T16:37:06","guid":{"rendered":"https:\/\/softlinefurniture.com\/product\/meu-schaukel\/"},"modified":"2026-03-13T10:20:24","modified_gmt":"2026-03-13T09:20:24","slug":"meu-schaukel","status":"publish","type":"product","link":"https:\/\/softlinefurniture.com\/de\/produkt\/meu-schaukel\/","title":{"rendered":"ME&#038;U Schaukel"},"content":{"rendered":"<p><strong>Sie haben keinen Platz mehr? <\/strong><br \/>\nBringen Sie Ihre M\u00f6bel auf die n\u00e4chste Stufe: Nach oben. ME&amp;U ist eine gepolsterte Indoor-Schaukel, die an einem Draht von der Decke h\u00e4ngt. Es ist ein lustiges und auff\u00e4lliges Accessoire, das Sie zum L\u00e4cheln bringen wird. Schafft eine wunderbare Atmosph\u00e4re in Lounge-Bereichen und Lobbys.<\/p>\n","protected":false},"excerpt":{"rendered":"<p>Sie haben keinen Platz mehr? Bringen Sie Ihre M\u00f6bel auf die n\u00e4chste Stufe: Nach oben. ME&amp;U ist eine gepolsterte Indoor-Schaukel, die an einem Draht von der Decke h\u00e4ngt. Es ist ein lustiges und auff\u00e4lliges Accessoire, das Sie zum L\u00e4cheln bringen wird. Schafft eine wunderbare Atmosph\u00e4re in Lounge-Bereichen und Lobbys.<\/p>\n","protected":false},"featured_media":101092,"comment_status":"closed","ping_status":"closed","template":"","meta":{"_acf_changed":false},"product_brand":[48544],"product_cat":[6251,6258,6247],"product_tag":[],"class_list":{"0":"post-31944","1":"product","2":"type-product","3":"status-publish","4":"has-post-thumbnail","6":"product_brand-meu","7":"product_cat-kindermoebel","8":"product_cat-kollektionen","9":"product_cat-sessel","10":"pa_covers-abnehmbare-bezuge-reinigung-bezuge-mit-dem-symbol-p-konnen-chemisch-gereinigt-werden-ersatzbezuge-sind-lieferbar-wenn-sie-eine-neue-farbe-oder-einen-neuen-stoff-mochten-de","12":"first","13":"instock","14":"shipping-taxable","15":"purchasable","16":"product-type-variable"},"acf":[],"_links":{"self":[{"href":"https:\/\/softlinefurniture.com\/de\/wp-json\/wp\/v2\/product\/31944","targetHints":{"allow":["GET"]}}],"collection":[{"href":"https:\/\/softlinefurniture.com\/de\/wp-json\/wp\/v2\/product"}],"about":[{"href":"https:\/\/softlinefurniture.com\/de\/wp-json\/wp\/v2\/types\/product"}],"replies":[{"embeddable":true,"href":"https:\/\/softlinefurniture.com\/de\/wp-json\/wp\/v2\/comments?post=31944"}],"version-history":[{"count":0,"href":"https:\/\/softlinefurniture.com\/de\/wp-json\/wp\/v2\/product\/31944\/revisions"}],"wp:featuredmedia":[{"embeddable":true,"href":"https:\/\/softlinefurniture.com\/de\/wp-json\/wp\/v2\/media\/101092"}],"wp:attachment":[{"href":"https:\/\/softlinefurniture.com\/de\/wp-json\/wp\/v2\/media?parent=31944"}],"wp:term":[{"taxonomy":"product_brand","embeddable":true,"href":"https:\/\/softlinefurniture.com\/de\/wp-json\/wp\/v2\/product_brand?post=31944"},{"taxonomy":"product_cat","embeddable":true,"href":"https:\/\/softlinefurniture.com\/de\/wp-json\/wp\/v2\/product_cat?post=31944"},{"taxonomy":"product_tag","embeddable":true,"href":"https:\/\/softlinefurniture.com\/de\/wp-json\/wp\/v2\/product_tag?post=31944"}],"curies":[{"name":"wp","href":"https:\/\/api.w.org\/{rel}","templated":true}]}}