{"id":31950,"date":"2020-06-14T03:52:41","date_gmt":"2020-06-14T01:52:41","guid":{"rendered":"https:\/\/softlinefurniture.com\/product\/meghan-sofa\/"},"modified":"2026-03-13T10:20:51","modified_gmt":"2026-03-13T09:20:51","slug":"meghan-sofa-schlafsofa","status":"publish","type":"product","link":"https:\/\/softlinefurniture.com\/de\/produkt\/meghan-sofa-schlafsofa\/","title":{"rendered":"MEGHAN Sofa\/Schlafsofa"},"content":{"rendered":"<p><strong>Kompaktes und klassisches Design <\/strong><br \/>\nDie schmalen Armlehnen und Beine verleihen diesem Sofa einen schlichten sowie eleganten Look. Es ist kompakt und in einem zeitlosen, klassischen Design, das tags\u00fcber als bequeme Couch und nachts als Bett f\u00fcr zwei Personen genutzt werden kann, da sich MEGHAN leicht in ein bequemes Bett umwandeln l\u00e4sst.<\/p>\n","protected":false},"excerpt":{"rendered":"<p>Kompaktes und klassisches Design Die schmalen Armlehnen und Beine verleihen diesem Sofa einen schlichten sowie eleganten Look. Es ist kompakt und in einem zeitlosen, klassischen Design, das tags\u00fcber als bequeme Couch und nachts als Bett f\u00fcr zwei Personen genutzt werden kann, da sich MEGHAN leicht in ein bequemes Bett umwandeln l\u00e4sst.<\/p>\n","protected":false},"featured_media":14698,"comment_status":"closed","ping_status":"closed","template":"","meta":{"_acf_changed":false},"product_brand":[48548],"product_cat":[6258,6257],"product_tag":[6274,34680],"class_list":{"0":"post-31950","1":"product","2":"type-product","3":"status-publish","4":"has-post-thumbnail","6":"product_brand-meghan","7":"product_cat-kollektionen","8":"product_cat-schlafsofas","9":"product_tag-funktion","10":"product_tag-sofa-de","12":"first","13":"instock","14":"shipping-taxable","15":"purchasable","16":"product-type-variable"},"acf":[],"_links":{"self":[{"href":"https:\/\/softlinefurniture.com\/de\/wp-json\/wp\/v2\/product\/31950","targetHints":{"allow":["GET"]}}],"collection":[{"href":"https:\/\/softlinefurniture.com\/de\/wp-json\/wp\/v2\/product"}],"about":[{"href":"https:\/\/softlinefurniture.com\/de\/wp-json\/wp\/v2\/types\/product"}],"replies":[{"embeddable":true,"href":"https:\/\/softlinefurniture.com\/de\/wp-json\/wp\/v2\/comments?post=31950"}],"version-history":[{"count":0,"href":"https:\/\/softlinefurniture.com\/de\/wp-json\/wp\/v2\/product\/31950\/revisions"}],"wp:featuredmedia":[{"embeddable":true,"href":"https:\/\/softlinefurniture.com\/de\/wp-json\/wp\/v2\/media\/14698"}],"wp:attachment":[{"href":"https:\/\/softlinefurniture.com\/de\/wp-json\/wp\/v2\/media?parent=31950"}],"wp:term":[{"taxonomy":"product_brand","embeddable":true,"href":"https:\/\/softlinefurniture.com\/de\/wp-json\/wp\/v2\/product_brand?post=31950"},{"taxonomy":"product_cat","embeddable":true,"href":"https:\/\/softlinefurniture.com\/de\/wp-json\/wp\/v2\/product_cat?post=31950"},{"taxonomy":"product_tag","embeddable":true,"href":"https:\/\/softlinefurniture.com\/de\/wp-json\/wp\/v2\/product_tag?post=31950"}],"curies":[{"name":"wp","href":"https:\/\/api.w.org\/{rel}","templated":true}]}}