{"id":31962,"date":"2020-06-08T19:57:44","date_gmt":"2020-06-08T17:57:44","guid":{"rendered":"https:\/\/softlinefurniture.com\/product\/milan-kissen\/"},"modified":"2026-03-13T10:22:09","modified_gmt":"2026-03-13T09:22:09","slug":"milan-kissen","status":"publish","type":"product","link":"https:\/\/softlinefurniture.com\/de\/produkt\/milan-kissen\/","title":{"rendered":"MILAN Kissen"},"content":{"rendered":"<p><strong>Farbe, Komfort und Atmosph\u00e4re<\/strong><br \/>\nDekorieren Sie Ihr Zuhause mit sch\u00f6nen Kissen und ver\u00e4ndern Sie das Aussehen Ihrer M\u00f6bel im Handumdrehen. Eine einfache M\u00f6glichkeit, Ihren Stil aufzuwerten und den Trends der Saison zu folgen. Die Kissen sind in den gleichen Farben und Stoffen wie der Rest der SOFTLINE-Kollektion erh\u00e4ltlich.<\/p>\n","protected":false},"excerpt":{"rendered":"<p>Farbe, Komfort und Atmosph\u00e4re Dekorieren Sie Ihr Zuhause mit sch\u00f6nen Kissen und ver\u00e4ndern Sie das Aussehen Ihrer M\u00f6bel im Handumdrehen. Eine einfache M\u00f6glichkeit, Ihren Stil aufzuwerten und den Trends der Saison zu folgen. Die Kissen sind in den gleichen Farben und Stoffen wie der Rest der SOFTLINE-Kollektion erh\u00e4ltlich.<\/p>\n","protected":false},"featured_media":12945,"comment_status":"closed","ping_status":"closed","template":"","meta":{"_acf_changed":false},"product_brand":[48556],"product_cat":[6245,6258],"product_tag":[],"class_list":{"0":"post-31962","1":"product","2":"type-product","3":"status-publish","4":"has-post-thumbnail","6":"product_brand-milan","7":"product_cat-kissen","8":"product_cat-kollektionen","9":"pa_covers-abnehmbare-bezuge-reinigung-bezuge-mit-dem-symbol-p-konnen-chemisch-gereinigt-werden-ersatzbezuge-sind-lieferbar-wenn-sie-eine-neue-farbe-oder-einen-neuen-stoff-mochten-de","11":"first","12":"instock","13":"shipping-taxable","14":"purchasable","15":"product-type-variable"},"acf":[],"_links":{"self":[{"href":"https:\/\/softlinefurniture.com\/de\/wp-json\/wp\/v2\/product\/31962","targetHints":{"allow":["GET"]}}],"collection":[{"href":"https:\/\/softlinefurniture.com\/de\/wp-json\/wp\/v2\/product"}],"about":[{"href":"https:\/\/softlinefurniture.com\/de\/wp-json\/wp\/v2\/types\/product"}],"replies":[{"embeddable":true,"href":"https:\/\/softlinefurniture.com\/de\/wp-json\/wp\/v2\/comments?post=31962"}],"version-history":[{"count":0,"href":"https:\/\/softlinefurniture.com\/de\/wp-json\/wp\/v2\/product\/31962\/revisions"}],"wp:featuredmedia":[{"embeddable":true,"href":"https:\/\/softlinefurniture.com\/de\/wp-json\/wp\/v2\/media\/12945"}],"wp:attachment":[{"href":"https:\/\/softlinefurniture.com\/de\/wp-json\/wp\/v2\/media?parent=31962"}],"wp:term":[{"taxonomy":"product_brand","embeddable":true,"href":"https:\/\/softlinefurniture.com\/de\/wp-json\/wp\/v2\/product_brand?post=31962"},{"taxonomy":"product_cat","embeddable":true,"href":"https:\/\/softlinefurniture.com\/de\/wp-json\/wp\/v2\/product_cat?post=31962"},{"taxonomy":"product_tag","embeddable":true,"href":"https:\/\/softlinefurniture.com\/de\/wp-json\/wp\/v2\/product_tag?post=31962"}],"curies":[{"name":"wp","href":"https:\/\/api.w.org\/{rel}","templated":true}]}}