{"id":31970,"date":"2020-06-19T21:35:00","date_gmt":"2020-06-19T19:35:00","guid":{"rendered":"https:\/\/softlinefurniture.com\/product\/mirror-tisch\/"},"modified":"2026-03-13T10:22:35","modified_gmt":"2026-03-13T09:22:35","slug":"mirror-tisch","status":"publish","type":"product","link":"https:\/\/softlinefurniture.com\/de\/produkt\/mirror-tisch\/","title":{"rendered":"MIRROR Tisch"},"content":{"rendered":"<p><strong>Reflektieren Sie Ihren Stil<\/strong><br \/>\nKombinieren Sie die Couchtische auf kreative Art und Weise oder verwenden Sie sie einzeln. MIRROR ist in zwei verschiedenen Gr\u00f6\u00dfen erh\u00e4ltlich. Die Beine k\u00f6nnen zu einem hohen oder niedrigen Tisch zusammengesetzt werden.<\/p>\n","protected":false},"excerpt":{"rendered":"<p>Reflektieren Sie Ihren Stil Kombinieren Sie die Couchtische auf kreative Art und Weise oder verwenden Sie sie einzeln. MIRROR ist in zwei verschiedenen Gr\u00f6\u00dfen erh\u00e4ltlich. Die Beine k\u00f6nnen zu einem hohen oder niedrigen Tisch zusammengesetzt werden.<\/p>\n","protected":false},"featured_media":97029,"comment_status":"closed","ping_status":"closed","template":"","meta":{"_acf_changed":false},"product_brand":[48560],"product_cat":[6258,6259],"product_tag":[],"class_list":{"0":"post-31970","1":"product","2":"type-product","3":"status-publish","4":"has-post-thumbnail","6":"product_brand-mirror","7":"product_cat-kollektionen","8":"product_cat-tische-de","10":"first","11":"instock","12":"shipping-taxable","13":"purchasable","14":"product-type-variable"},"acf":[],"_links":{"self":[{"href":"https:\/\/softlinefurniture.com\/de\/wp-json\/wp\/v2\/product\/31970","targetHints":{"allow":["GET"]}}],"collection":[{"href":"https:\/\/softlinefurniture.com\/de\/wp-json\/wp\/v2\/product"}],"about":[{"href":"https:\/\/softlinefurniture.com\/de\/wp-json\/wp\/v2\/types\/product"}],"replies":[{"embeddable":true,"href":"https:\/\/softlinefurniture.com\/de\/wp-json\/wp\/v2\/comments?post=31970"}],"version-history":[{"count":0,"href":"https:\/\/softlinefurniture.com\/de\/wp-json\/wp\/v2\/product\/31970\/revisions"}],"wp:featuredmedia":[{"embeddable":true,"href":"https:\/\/softlinefurniture.com\/de\/wp-json\/wp\/v2\/media\/97029"}],"wp:attachment":[{"href":"https:\/\/softlinefurniture.com\/de\/wp-json\/wp\/v2\/media?parent=31970"}],"wp:term":[{"taxonomy":"product_brand","embeddable":true,"href":"https:\/\/softlinefurniture.com\/de\/wp-json\/wp\/v2\/product_brand?post=31970"},{"taxonomy":"product_cat","embeddable":true,"href":"https:\/\/softlinefurniture.com\/de\/wp-json\/wp\/v2\/product_cat?post=31970"},{"taxonomy":"product_tag","embeddable":true,"href":"https:\/\/softlinefurniture.com\/de\/wp-json\/wp\/v2\/product_tag?post=31970"}],"curies":[{"name":"wp","href":"https:\/\/api.w.org\/{rel}","templated":true}]}}