{"id":31982,"date":"2020-06-19T07:17:47","date_gmt":"2020-06-19T05:17:47","guid":{"rendered":"https:\/\/softlinefurniture.com\/product\/nector-hocker\/"},"modified":"2026-03-13T10:27:36","modified_gmt":"2026-03-13T09:27:36","slug":"nector-hocker","status":"publish","type":"product","link":"https:\/\/softlinefurniture.com\/de\/produkt\/nector-hocker\/","title":{"rendered":"NECTOR Hocker"},"content":{"rendered":"<p><strong>Ein universeller Sitz<\/strong><br \/>\nEin neuartiges M\u00f6belst\u00fcck, das immer dann zum Einsatz kommt, wenn Sie einen zus\u00e4tzlichen Sitzplatz in Ihrem Zuhause ben\u00f6tigen. NECTOR ist perfekt f\u00fcr den Flur, das Schlafzimmer, das Wohnzimmer oder das Jugendzimmer. Ein neues Designobjekt mit klassischen und funktionellen Eigenschaften.<\/p>\n","protected":false},"excerpt":{"rendered":"<p>Ein universeller Sitz Ein neuartiges M\u00f6belst\u00fcck, das immer dann zum Einsatz kommt, wenn Sie einen zus\u00e4tzlichen Sitzplatz in Ihrem Zuhause ben\u00f6tigen. NECTOR ist perfekt f\u00fcr den Flur, das Schlafzimmer, das Wohnzimmer oder das Jugendzimmer. Ein neues Designobjekt mit klassischen und funktionellen Eigenschaften.<\/p>\n","protected":false},"featured_media":42704,"comment_status":"closed","ping_status":"closed","template":"","meta":{"_acf_changed":false},"product_brand":[48576],"product_cat":[6251,6258,6253],"product_tag":[],"class_list":{"0":"post-31982","1":"product","2":"type-product","3":"status-publish","4":"has-post-thumbnail","6":"product_brand-nector","7":"product_cat-kindermoebel","8":"product_cat-kollektionen","9":"product_cat-pouf-hocker","10":"pa_covers-reinigung-bezuge-mit-dem-symbol-p-konnen-chemisch-gereinigt-werden-ersatzbezuge-sind-lieferbar-wenn-sie-eine-neue-farbe-oder-einen-neuen-stoff-mochten-de","12":"first","13":"instock","14":"shipping-taxable","15":"purchasable","16":"product-type-variable"},"acf":[],"_links":{"self":[{"href":"https:\/\/softlinefurniture.com\/de\/wp-json\/wp\/v2\/product\/31982","targetHints":{"allow":["GET"]}}],"collection":[{"href":"https:\/\/softlinefurniture.com\/de\/wp-json\/wp\/v2\/product"}],"about":[{"href":"https:\/\/softlinefurniture.com\/de\/wp-json\/wp\/v2\/types\/product"}],"replies":[{"embeddable":true,"href":"https:\/\/softlinefurniture.com\/de\/wp-json\/wp\/v2\/comments?post=31982"}],"version-history":[{"count":0,"href":"https:\/\/softlinefurniture.com\/de\/wp-json\/wp\/v2\/product\/31982\/revisions"}],"wp:featuredmedia":[{"embeddable":true,"href":"https:\/\/softlinefurniture.com\/de\/wp-json\/wp\/v2\/media\/42704"}],"wp:attachment":[{"href":"https:\/\/softlinefurniture.com\/de\/wp-json\/wp\/v2\/media?parent=31982"}],"wp:term":[{"taxonomy":"product_brand","embeddable":true,"href":"https:\/\/softlinefurniture.com\/de\/wp-json\/wp\/v2\/product_brand?post=31982"},{"taxonomy":"product_cat","embeddable":true,"href":"https:\/\/softlinefurniture.com\/de\/wp-json\/wp\/v2\/product_cat?post=31982"},{"taxonomy":"product_tag","embeddable":true,"href":"https:\/\/softlinefurniture.com\/de\/wp-json\/wp\/v2\/product_tag?post=31982"}],"curies":[{"name":"wp","href":"https:\/\/api.w.org\/{rel}","templated":true}]}}