{"id":31988,"date":"2020-06-14T04:17:39","date_gmt":"2020-06-14T02:17:39","guid":{"rendered":"https:\/\/softlinefurniture.com\/product\/nova-3-p-schlafsofa\/"},"modified":"2026-03-13T10:42:15","modified_gmt":"2026-03-13T09:42:15","slug":"nova-3-p-sofa-schlafsofa","status":"publish","type":"product","link":"https:\/\/softlinefurniture.com\/de\/produkt\/nova-3-p-sofa-schlafsofa\/","title":{"rendered":"NOVA 3-P Sofa\/Schlafsofa"},"content":{"rendered":"<p><strong>Positionieren Sie sich in absoluter Bequemlichkeit<\/strong><br \/>\nEin komfortables und funktionelles Schlafsofa mit einer entspannten und urbanen Ausstrahlung. Sitzen, liegen oder schlafen Sie ganz bequem dank der zweigeteilten, verstellbaren R\u00fcckenlehne &#8211; mit vier verschiedenen R\u00fcckenlehnenpositionen. Ein einzigartiges, klares sowie markantes Design, das elegant und einladend ist. Das gro\u00dfe Sofa l\u00e4sst sich leicht in ein Doppelbett verwandeln.<\/p>\n","protected":false},"excerpt":{"rendered":"<p>Positionieren Sie sich in absoluter Bequemlichkeit Ein komfortables und funktionelles Schlafsofa mit einer entspannten und urbanen Ausstrahlung. Sitzen, liegen oder schlafen Sie ganz bequem dank der zweigeteilten, verstellbaren R\u00fcckenlehne &#8211; mit vier verschiedenen R\u00fcckenlehnenpositionen. Ein einzigartiges, klares sowie markantes Design, das elegant und einladend ist. Das gro\u00dfe Sofa l\u00e4sst sich leicht in ein Doppelbett verwandeln.<\/p>\n","protected":false},"featured_media":14736,"comment_status":"closed","ping_status":"closed","template":"","meta":{"_acf_changed":false},"product_brand":[48604],"product_cat":[6258,6257],"product_tag":[6274,34680],"class_list":{"0":"post-31988","1":"product","2":"type-product","3":"status-publish","4":"has-post-thumbnail","6":"product_brand-nova","7":"product_cat-kollektionen","8":"product_cat-schlafsofas","9":"product_tag-funktion","10":"product_tag-sofa-de","11":"pa_covers-reinigung-bezuge-mit-dem-symbol-p-konnen-chemisch-gereinigt-werden-ersatzbezuge-sind-lieferbar-wenn-sie-eine-neue-farbe-oder-einen-neuen-stoff-mochten-de","13":"first","14":"instock","15":"shipping-taxable","16":"purchasable","17":"product-type-variable"},"acf":[],"_links":{"self":[{"href":"https:\/\/softlinefurniture.com\/de\/wp-json\/wp\/v2\/product\/31988","targetHints":{"allow":["GET"]}}],"collection":[{"href":"https:\/\/softlinefurniture.com\/de\/wp-json\/wp\/v2\/product"}],"about":[{"href":"https:\/\/softlinefurniture.com\/de\/wp-json\/wp\/v2\/types\/product"}],"replies":[{"embeddable":true,"href":"https:\/\/softlinefurniture.com\/de\/wp-json\/wp\/v2\/comments?post=31988"}],"version-history":[{"count":0,"href":"https:\/\/softlinefurniture.com\/de\/wp-json\/wp\/v2\/product\/31988\/revisions"}],"wp:featuredmedia":[{"embeddable":true,"href":"https:\/\/softlinefurniture.com\/de\/wp-json\/wp\/v2\/media\/14736"}],"wp:attachment":[{"href":"https:\/\/softlinefurniture.com\/de\/wp-json\/wp\/v2\/media?parent=31988"}],"wp:term":[{"taxonomy":"product_brand","embeddable":true,"href":"https:\/\/softlinefurniture.com\/de\/wp-json\/wp\/v2\/product_brand?post=31988"},{"taxonomy":"product_cat","embeddable":true,"href":"https:\/\/softlinefurniture.com\/de\/wp-json\/wp\/v2\/product_cat?post=31988"},{"taxonomy":"product_tag","embeddable":true,"href":"https:\/\/softlinefurniture.com\/de\/wp-json\/wp\/v2\/product_tag?post=31988"}],"curies":[{"name":"wp","href":"https:\/\/api.w.org\/{rel}","templated":true}]}}