{"id":31993,"date":"2020-06-08T01:53:24","date_gmt":"2020-06-07T23:53:24","guid":{"rendered":"https:\/\/softlinefurniture.com\/product\/nuuk\/"},"modified":"2026-03-13T10:42:23","modified_gmt":"2026-03-13T09:42:23","slug":"nuuk-drehsessel-konferenz-esszimmersessel","status":"publish","type":"product","link":"https:\/\/softlinefurniture.com\/de\/produkt\/nuuk-drehsessel-konferenz-esszimmersessel\/","title":{"rendered":"NUUK Drehsessel Konferenz-\/Esszimmersessel"},"content":{"rendered":"<p><strong>Setzen Sie sich<\/strong><br \/>\nNUUK ist ein \u00e4u\u00dferst vielseitiger und komfortabler Stuhl. Mit integrierten Armlehnen in organischen Formen und leichtem, aber charakteristischem Gestell eignet er sich gleicherma\u00dfen als Esszimmerstuhl wie auch als G\u00e4stestuhl im B\u00fcro. Die Gr\u00f6\u00dfe und Form der Armlehne machen den Stuhl praktisch und tischtauglich, w\u00e4hrend er gleichzeitig viel Komfort beim Sitzen und Arbeiten bietet. Der Stuhl ist so geformt, dass er einladend wirkt, und ist in einem langlebigen, modernen Design gefertigt.<\/p>\n<p>Gewinner des Good Design Award 2019<\/p>\n","protected":false},"excerpt":{"rendered":"<p>Setzen Sie sich NUUK ist ein \u00e4u\u00dferst vielseitiger und komfortabler Stuhl. Mit integrierten Armlehnen in organischen Formen und leichtem, aber charakteristischem Gestell eignet er sich gleicherma\u00dfen als Esszimmerstuhl wie auch als G\u00e4stestuhl im B\u00fcro. Die Gr\u00f6\u00dfe und Form der Armlehne machen den Stuhl praktisch und tischtauglich, w\u00e4hrend er gleichzeitig viel Komfort beim Sitzen und Arbeiten [&hellip;]<\/p>\n","protected":false},"featured_media":101487,"comment_status":"closed","ping_status":"closed","template":"","meta":{"_acf_changed":false},"product_brand":[48608],"product_cat":[47949,6258,6248,6249],"product_tag":[],"class_list":{"0":"post-31993","1":"product","2":"type-product","3":"status-publish","4":"has-post-thumbnail","6":"product_brand-nuuk","7":"product_cat-drehsessel","8":"product_cat-kollektionen","9":"product_cat-konferenzstuehle-esszimmerstuehle","10":"product_cat-lounge-sessel","12":"first","13":"instock","14":"shipping-taxable","15":"purchasable","16":"product-type-variable"},"acf":[],"_links":{"self":[{"href":"https:\/\/softlinefurniture.com\/de\/wp-json\/wp\/v2\/product\/31993","targetHints":{"allow":["GET"]}}],"collection":[{"href":"https:\/\/softlinefurniture.com\/de\/wp-json\/wp\/v2\/product"}],"about":[{"href":"https:\/\/softlinefurniture.com\/de\/wp-json\/wp\/v2\/types\/product"}],"replies":[{"embeddable":true,"href":"https:\/\/softlinefurniture.com\/de\/wp-json\/wp\/v2\/comments?post=31993"}],"version-history":[{"count":0,"href":"https:\/\/softlinefurniture.com\/de\/wp-json\/wp\/v2\/product\/31993\/revisions"}],"wp:featuredmedia":[{"embeddable":true,"href":"https:\/\/softlinefurniture.com\/de\/wp-json\/wp\/v2\/media\/101487"}],"wp:attachment":[{"href":"https:\/\/softlinefurniture.com\/de\/wp-json\/wp\/v2\/media?parent=31993"}],"wp:term":[{"taxonomy":"product_brand","embeddable":true,"href":"https:\/\/softlinefurniture.com\/de\/wp-json\/wp\/v2\/product_brand?post=31993"},{"taxonomy":"product_cat","embeddable":true,"href":"https:\/\/softlinefurniture.com\/de\/wp-json\/wp\/v2\/product_cat?post=31993"},{"taxonomy":"product_tag","embeddable":true,"href":"https:\/\/softlinefurniture.com\/de\/wp-json\/wp\/v2\/product_tag?post=31993"}],"curies":[{"name":"wp","href":"https:\/\/api.w.org\/{rel}","templated":true}]}}