{"id":32000,"date":"2020-06-08T20:33:13","date_gmt":"2020-06-08T18:33:13","guid":{"rendered":"https:\/\/softlinefurniture.com\/product\/pause-hocker\/"},"modified":"2026-03-13T10:59:15","modified_gmt":"2026-03-13T09:59:15","slug":"pause-hocker","status":"publish","type":"product","link":"https:\/\/softlinefurniture.com\/de\/produkt\/pause-hocker\/","title":{"rendered":"PAUSE Hocker"},"content":{"rendered":"<p><strong>Dr\u00fccken Sie Pause und haben Sie Spa\u00df<\/strong><br \/>\nPAUSE ist ein Pouf, der allein oder gruppiert in Gruppen von drei oder mehreren zum Arbeiten und Spielen verwendet werden kann. Ein flexibler und bequemer Artikel mit abnehmbaren Bez\u00fcgen in vielen Farben. Es gibt unendlich viele M\u00f6glichkeiten, PAUSE in Schulen, Kinderg\u00e4rten, an Arbeitspl\u00e4tzen, in Freizeitzentren und im privaten Bereich einzusetzen. Seien Sie kreativ und haben Sie Spa\u00df.<\/p>\n","protected":false},"excerpt":{"rendered":"<p>Dr\u00fccken Sie Pause und haben Sie Spa\u00df PAUSE ist ein Pouf, der allein oder gruppiert in Gruppen von drei oder mehreren zum Arbeiten und Spielen verwendet werden kann. Ein flexibler und bequemer Artikel mit abnehmbaren Bez\u00fcgen in vielen Farben. Es gibt unendlich viele M\u00f6glichkeiten, PAUSE in Schulen, Kinderg\u00e4rten, an Arbeitspl\u00e4tzen, in Freizeitzentren und im privaten [&hellip;]<\/p>\n","protected":false},"featured_media":42879,"comment_status":"closed","ping_status":"closed","template":"","meta":{"_acf_changed":false},"product_brand":[48640],"product_cat":[6251,6258,6253],"product_tag":[],"class_list":{"0":"post-32000","1":"product","2":"type-product","3":"status-publish","4":"has-post-thumbnail","6":"product_brand-pause","7":"product_cat-kindermoebel","8":"product_cat-kollektionen","9":"product_cat-pouf-hocker","10":"pa_covers-abnehmbare-bezuge-reinigung-bezuge-mit-dem-symbol-p-konnen-chemisch-gereinigt-werden-ersatzbezuge-sind-lieferbar-wenn-sie-eine-neue-farbe-oder-einen-neuen-stoff-mochten-de","12":"first","13":"instock","14":"shipping-taxable","15":"purchasable","16":"product-type-variable"},"acf":[],"_links":{"self":[{"href":"https:\/\/softlinefurniture.com\/de\/wp-json\/wp\/v2\/product\/32000","targetHints":{"allow":["GET"]}}],"collection":[{"href":"https:\/\/softlinefurniture.com\/de\/wp-json\/wp\/v2\/product"}],"about":[{"href":"https:\/\/softlinefurniture.com\/de\/wp-json\/wp\/v2\/types\/product"}],"replies":[{"embeddable":true,"href":"https:\/\/softlinefurniture.com\/de\/wp-json\/wp\/v2\/comments?post=32000"}],"version-history":[{"count":0,"href":"https:\/\/softlinefurniture.com\/de\/wp-json\/wp\/v2\/product\/32000\/revisions"}],"wp:featuredmedia":[{"embeddable":true,"href":"https:\/\/softlinefurniture.com\/de\/wp-json\/wp\/v2\/media\/42879"}],"wp:attachment":[{"href":"https:\/\/softlinefurniture.com\/de\/wp-json\/wp\/v2\/media?parent=32000"}],"wp:term":[{"taxonomy":"product_brand","embeddable":true,"href":"https:\/\/softlinefurniture.com\/de\/wp-json\/wp\/v2\/product_brand?post=32000"},{"taxonomy":"product_cat","embeddable":true,"href":"https:\/\/softlinefurniture.com\/de\/wp-json\/wp\/v2\/product_cat?post=32000"},{"taxonomy":"product_tag","embeddable":true,"href":"https:\/\/softlinefurniture.com\/de\/wp-json\/wp\/v2\/product_tag?post=32000"}],"curies":[{"name":"wp","href":"https:\/\/api.w.org\/{rel}","templated":true}]}}