{"id":32024,"date":"2020-06-04T07:54:03","date_gmt":"2020-06-04T05:54:03","guid":{"rendered":"https:\/\/softlinefurniture.com\/product\/pouf\/"},"modified":"2026-03-13T11:00:10","modified_gmt":"2026-03-13T10:00:10","slug":"pouf-hocker","status":"publish","type":"product","link":"https:\/\/softlinefurniture.com\/de\/produkt\/pouf-hocker\/","title":{"rendered":"POUF Hocker"},"content":{"rendered":"<p><strong>Skulpturale W\u00fcrfel f\u00fcr jeden Raum<\/strong><br \/>\nMit diesen dekorativen Poufs haben Sie immer eine besonders bequeme Sitzgelegenheit zur Hand. W\u00e4hlen Sie die Farben und Stoffe, die Ihnen gefallen, um eine pers\u00f6nliche Raumgestaltung zu schaffen.<\/p>\n","protected":false},"excerpt":{"rendered":"<p>Skulpturale W\u00fcrfel f\u00fcr jeden Raum Mit diesen dekorativen Poufs haben Sie immer eine besonders bequeme Sitzgelegenheit zur Hand. W\u00e4hlen Sie die Farben und Stoffe, die Ihnen gefallen, um eine pers\u00f6nliche Raumgestaltung zu schaffen.<\/p>\n","protected":false},"featured_media":42914,"comment_status":"closed","ping_status":"closed","template":"","meta":{"_acf_changed":false},"product_brand":[48656],"product_cat":[6251,6258,6253],"product_tag":[],"class_list":{"0":"post-32024","1":"product","2":"type-product","3":"status-publish","4":"has-post-thumbnail","6":"product_brand-pouf","7":"product_cat-kindermoebel","8":"product_cat-kollektionen","9":"product_cat-pouf-hocker","10":"pa_covers-reinigung-bezuge-mit-dem-symbol-p-konnen-chemisch-gereinigt-werden-ersatzbezuge-sind-lieferbar-wenn-sie-eine-neue-farbe-oder-einen-neuen-stoff-mochten-de","12":"first","13":"instock","14":"shipping-taxable","15":"purchasable","16":"product-type-variable"},"acf":[],"_links":{"self":[{"href":"https:\/\/softlinefurniture.com\/de\/wp-json\/wp\/v2\/product\/32024","targetHints":{"allow":["GET"]}}],"collection":[{"href":"https:\/\/softlinefurniture.com\/de\/wp-json\/wp\/v2\/product"}],"about":[{"href":"https:\/\/softlinefurniture.com\/de\/wp-json\/wp\/v2\/types\/product"}],"replies":[{"embeddable":true,"href":"https:\/\/softlinefurniture.com\/de\/wp-json\/wp\/v2\/comments?post=32024"}],"version-history":[{"count":0,"href":"https:\/\/softlinefurniture.com\/de\/wp-json\/wp\/v2\/product\/32024\/revisions"}],"wp:featuredmedia":[{"embeddable":true,"href":"https:\/\/softlinefurniture.com\/de\/wp-json\/wp\/v2\/media\/42914"}],"wp:attachment":[{"href":"https:\/\/softlinefurniture.com\/de\/wp-json\/wp\/v2\/media?parent=32024"}],"wp:term":[{"taxonomy":"product_brand","embeddable":true,"href":"https:\/\/softlinefurniture.com\/de\/wp-json\/wp\/v2\/product_brand?post=32024"},{"taxonomy":"product_cat","embeddable":true,"href":"https:\/\/softlinefurniture.com\/de\/wp-json\/wp\/v2\/product_cat?post=32024"},{"taxonomy":"product_tag","embeddable":true,"href":"https:\/\/softlinefurniture.com\/de\/wp-json\/wp\/v2\/product_tag?post=32024"}],"curies":[{"name":"wp","href":"https:\/\/api.w.org\/{rel}","templated":true}]}}