{"id":32031,"date":"2020-06-08T19:20:45","date_gmt":"2020-06-08T17:20:45","guid":{"rendered":"https:\/\/softlinefurniture.com\/product\/quadro-hocker\/"},"modified":"2026-03-13T11:01:25","modified_gmt":"2026-03-13T10:01:25","slug":"quadro-hocker","status":"publish","type":"product","link":"https:\/\/softlinefurniture.com\/de\/produkt\/quadro-hocker\/","title":{"rendered":"QUADRO Hocker"},"content":{"rendered":"<p><strong>Modernes Marokko<\/strong><br \/>\nQUADRO ist eine moderne skandinavische Interpretation des traditionellen marokkanischen Kissens. Perfekt als gem\u00fctliche Fu\u00dfst\u00fctze oder als zus\u00e4tzliche Sitzgelegenheit.<\/p>\n","protected":false},"excerpt":{"rendered":"<p>Modernes Marokko QUADRO ist eine moderne skandinavische Interpretation des traditionellen marokkanischen Kissens. Perfekt als gem\u00fctliche Fu\u00dfst\u00fctze oder als zus\u00e4tzliche Sitzgelegenheit.<\/p>\n","protected":false},"featured_media":97071,"comment_status":"closed","ping_status":"closed","template":"","meta":{"_acf_changed":false},"product_brand":[48660],"product_cat":[6258,6253],"product_tag":[],"class_list":{"0":"post-32031","1":"product","2":"type-product","3":"status-publish","4":"has-post-thumbnail","6":"product_brand-quadro","7":"product_cat-kollektionen","8":"product_cat-pouf-hocker","9":"pa_covers-reinigung-bezuge-mit-dem-symbol-p-konnen-chemisch-gereinigt-werden-ersatzbezuge-sind-lieferbar-wenn-sie-eine-neue-farbe-oder-einen-neuen-stoff-mochten-de","11":"first","12":"instock","13":"shipping-taxable","14":"purchasable","15":"product-type-variable"},"acf":[],"_links":{"self":[{"href":"https:\/\/softlinefurniture.com\/de\/wp-json\/wp\/v2\/product\/32031","targetHints":{"allow":["GET"]}}],"collection":[{"href":"https:\/\/softlinefurniture.com\/de\/wp-json\/wp\/v2\/product"}],"about":[{"href":"https:\/\/softlinefurniture.com\/de\/wp-json\/wp\/v2\/types\/product"}],"replies":[{"embeddable":true,"href":"https:\/\/softlinefurniture.com\/de\/wp-json\/wp\/v2\/comments?post=32031"}],"version-history":[{"count":0,"href":"https:\/\/softlinefurniture.com\/de\/wp-json\/wp\/v2\/product\/32031\/revisions"}],"wp:featuredmedia":[{"embeddable":true,"href":"https:\/\/softlinefurniture.com\/de\/wp-json\/wp\/v2\/media\/97071"}],"wp:attachment":[{"href":"https:\/\/softlinefurniture.com\/de\/wp-json\/wp\/v2\/media?parent=32031"}],"wp:term":[{"taxonomy":"product_brand","embeddable":true,"href":"https:\/\/softlinefurniture.com\/de\/wp-json\/wp\/v2\/product_brand?post=32031"},{"taxonomy":"product_cat","embeddable":true,"href":"https:\/\/softlinefurniture.com\/de\/wp-json\/wp\/v2\/product_cat?post=32031"},{"taxonomy":"product_tag","embeddable":true,"href":"https:\/\/softlinefurniture.com\/de\/wp-json\/wp\/v2\/product_tag?post=32031"}],"curies":[{"name":"wp","href":"https:\/\/api.w.org\/{rel}","templated":true}]}}