{"id":32065,"date":"2020-06-08T03:10:19","date_gmt":"2020-06-08T01:10:19","guid":{"rendered":"https:\/\/softlinefurniture.com\/product\/scope-2-p-sofa\/"},"modified":"2021-12-14T02:05:18","modified_gmt":"2021-12-14T01:05:18","slug":"scope-2-p-sofa","status":"publish","type":"product","link":"https:\/\/softlinefurniture.com\/de\/produkt\/scope-2-p-sofa\/","title":{"rendered":"SCOPE 2-P Sofa"},"content":{"rendered":"<p><strong>Gem\u00fctlich und kompakt <\/strong><br \/>\nMit seinem kleinen, bequemen und kompakten Erscheinungsbild bietet SCOPE einen modernen und entspannten Ansatz f\u00fcr Design. Der Komfort sowie die Qualit\u00e4t sind hoch, die Linienf\u00fchrung ist klassisch und zeitlos. Perfekt f\u00fcr das urbane Leben, wo der Platz begrenzt ist.<\/p>\n","protected":false},"excerpt":{"rendered":"<p>Gem\u00fctlich und kompakt Mit seinem kleinen, bequemen und kompakten Erscheinungsbild bietet SCOPE einen modernen und entspannten Ansatz f\u00fcr Design. Der Komfort sowie die Qualit\u00e4t sind hoch, die Linienf\u00fchrung ist klassisch und zeitlos. Perfekt f\u00fcr das urbane Leben, wo der Platz begrenzt ist.<\/p>\n","protected":false},"featured_media":42944,"comment_status":"closed","ping_status":"closed","template":"","meta":{"_acf_changed":false},"product_brand":[48668],"product_cat":[6254],"product_tag":[34680],"class_list":{"0":"post-32065","1":"product","2":"type-product","3":"status-publish","4":"has-post-thumbnail","6":"product_brand-scope","7":"product_cat-sofas-de","8":"product_tag-sofa-de","9":"pa_covers-abnehmbare-bezuge-reinigung-bezuge-mit-dem-symbol-p-konnen-chemisch-gereinigt-werden-ersatzbezuge-sind-lieferbar-wenn-sie-eine-neue-farbe-oder-einen-neuen-stoff-mochten-de","11":"first","12":"instock","13":"shipping-taxable","14":"purchasable","15":"product-type-variable"},"acf":[],"_links":{"self":[{"href":"https:\/\/softlinefurniture.com\/de\/wp-json\/wp\/v2\/product\/32065","targetHints":{"allow":["GET"]}}],"collection":[{"href":"https:\/\/softlinefurniture.com\/de\/wp-json\/wp\/v2\/product"}],"about":[{"href":"https:\/\/softlinefurniture.com\/de\/wp-json\/wp\/v2\/types\/product"}],"replies":[{"embeddable":true,"href":"https:\/\/softlinefurniture.com\/de\/wp-json\/wp\/v2\/comments?post=32065"}],"version-history":[{"count":0,"href":"https:\/\/softlinefurniture.com\/de\/wp-json\/wp\/v2\/product\/32065\/revisions"}],"wp:featuredmedia":[{"embeddable":true,"href":"https:\/\/softlinefurniture.com\/de\/wp-json\/wp\/v2\/media\/42944"}],"wp:attachment":[{"href":"https:\/\/softlinefurniture.com\/de\/wp-json\/wp\/v2\/media?parent=32065"}],"wp:term":[{"taxonomy":"product_brand","embeddable":true,"href":"https:\/\/softlinefurniture.com\/de\/wp-json\/wp\/v2\/product_brand?post=32065"},{"taxonomy":"product_cat","embeddable":true,"href":"https:\/\/softlinefurniture.com\/de\/wp-json\/wp\/v2\/product_cat?post=32065"},{"taxonomy":"product_tag","embeddable":true,"href":"https:\/\/softlinefurniture.com\/de\/wp-json\/wp\/v2\/product_tag?post=32065"}],"curies":[{"name":"wp","href":"https:\/\/api.w.org\/{rel}","templated":true}]}}