{"id":32073,"date":"2020-06-08T00:01:12","date_gmt":"2020-06-07T22:01:12","guid":{"rendered":"https:\/\/softlinefurniture.com\/product\/shelly-sessel\/"},"modified":"2026-03-13T11:05:56","modified_gmt":"2026-03-13T10:05:56","slug":"shelly-drehsessel","status":"publish","type":"product","link":"https:\/\/softlinefurniture.com\/de\/produkt\/shelly-drehsessel\/","title":{"rendered":"SHELLY Drehsessel"},"content":{"rendered":"<p><strong>Ein behagliches, gesch\u00fctztes Gef\u00fchl<\/strong><br \/>\nDie gepolsterte Schale von SHELLY umarmt Sie und schafft ein behagliches, gesch\u00fctztes Gef\u00fchl. Perfekt f\u00fcr private und \u00f6ffentliche R\u00e4ume. Das Design ist minimalistisch sowie klassisch und passt in alle Arten von Innenr\u00e4umen.<\/p>\n<p>&nbsp;<\/p>\n","protected":false},"excerpt":{"rendered":"<p>&nbsp;<\/p>\n<p>&nbsp;<\/p>\n","protected":false},"featured_media":42954,"comment_status":"closed","ping_status":"closed","template":"","meta":{"_acf_changed":false},"product_brand":[48676],"product_cat":[47949,6258,6249],"product_tag":[],"class_list":{"0":"post-32073","1":"product","2":"type-product","3":"status-publish","4":"has-post-thumbnail","6":"product_brand-shelly","7":"product_cat-drehsessel","8":"product_cat-kollektionen","9":"product_cat-lounge-sessel","10":"pa_covers-reinigung-bezuge-mit-dem-symbol-p-konnen-chemisch-gereinigt-werden-ersatzbezuge-sind-lieferbar-wenn-sie-eine-neue-farbe-oder-einen-neuen-stoff-mochten-de","12":"first","13":"instock","14":"shipping-taxable","15":"purchasable","16":"product-type-variable"},"acf":[],"_links":{"self":[{"href":"https:\/\/softlinefurniture.com\/de\/wp-json\/wp\/v2\/product\/32073","targetHints":{"allow":["GET"]}}],"collection":[{"href":"https:\/\/softlinefurniture.com\/de\/wp-json\/wp\/v2\/product"}],"about":[{"href":"https:\/\/softlinefurniture.com\/de\/wp-json\/wp\/v2\/types\/product"}],"replies":[{"embeddable":true,"href":"https:\/\/softlinefurniture.com\/de\/wp-json\/wp\/v2\/comments?post=32073"}],"version-history":[{"count":0,"href":"https:\/\/softlinefurniture.com\/de\/wp-json\/wp\/v2\/product\/32073\/revisions"}],"wp:featuredmedia":[{"embeddable":true,"href":"https:\/\/softlinefurniture.com\/de\/wp-json\/wp\/v2\/media\/42954"}],"wp:attachment":[{"href":"https:\/\/softlinefurniture.com\/de\/wp-json\/wp\/v2\/media?parent=32073"}],"wp:term":[{"taxonomy":"product_brand","embeddable":true,"href":"https:\/\/softlinefurniture.com\/de\/wp-json\/wp\/v2\/product_brand?post=32073"},{"taxonomy":"product_cat","embeddable":true,"href":"https:\/\/softlinefurniture.com\/de\/wp-json\/wp\/v2\/product_cat?post=32073"},{"taxonomy":"product_tag","embeddable":true,"href":"https:\/\/softlinefurniture.com\/de\/wp-json\/wp\/v2\/product_tag?post=32073"}],"curies":[{"name":"wp","href":"https:\/\/api.w.org\/{rel}","templated":true}]}}