{"id":32094,"date":"2020-06-19T07:03:58","date_gmt":"2020-06-19T05:03:58","guid":{"rendered":"https:\/\/softlinefurniture.com\/product\/silver-sofa-sofa-bed\/"},"modified":"2026-03-13T11:22:35","modified_gmt":"2026-03-13T10:22:35","slug":"silver-sofa-sofa-bed","status":"publish","type":"product","link":"https:\/\/softlinefurniture.com\/de\/produkt\/silver-sofa-sofa-bed\/","title":{"rendered":"SILVER Sofa"},"content":{"rendered":"<p><strong>Gem\u00fctliche, minimalistische Eleganz <\/strong><br \/>\nMit dem Design von SILVER schaffen Sie eine intime Sitzecke. Es eignet sich perfekt f\u00fcr private und \u00f6ffentliche R\u00e4ume. Als verstecktes Extra l\u00e4sst sich SILVER leicht in ein G\u00e4stebett umwandeln. W\u00e4hlen Sie zwischen dem Stuhl oder dem Sofa in verschiedenen Farben und Stoffen. Das Gestell ist aus Stahl, lackiert in Schwarz, Wei\u00df oder Vollglanz-Chrom.<\/p>\n","protected":false},"excerpt":{"rendered":"<p>Gem\u00fctliche, minimalistische Eleganz Mit dem Design von SILVER schaffen Sie eine intime Sitzecke. Es eignet sich perfekt f\u00fcr private und \u00f6ffentliche R\u00e4ume. Als verstecktes Extra l\u00e4sst sich SILVER leicht in ein G\u00e4stebett umwandeln. W\u00e4hlen Sie zwischen dem Stuhl oder dem Sofa in verschiedenen Farben und Stoffen. Das Gestell ist aus Stahl, lackiert in Schwarz, Wei\u00df [&hellip;]<\/p>\n","protected":false},"featured_media":45505,"comment_status":"closed","ping_status":"closed","template":"","meta":{"_acf_changed":false},"product_brand":[48684],"product_cat":[6257,6254],"product_tag":[6274,34680],"class_list":{"0":"post-32094","1":"product","2":"type-product","3":"status-publish","4":"has-post-thumbnail","6":"product_brand-silver","7":"product_cat-schlafsofas","8":"product_cat-sofas-de","9":"product_tag-funktion","10":"product_tag-sofa-de","11":"pa_covers-reinigung-bezuge-mit-dem-symbol-p-konnen-chemisch-gereinigt-werden-ersatzbezuge-sind-lieferbar-wenn-sie-eine-neue-farbe-oder-einen-neuen-stoff-mochten-de","13":"first","14":"instock","15":"shipping-taxable","16":"purchasable","17":"product-type-variable"},"acf":[],"_links":{"self":[{"href":"https:\/\/softlinefurniture.com\/de\/wp-json\/wp\/v2\/product\/32094","targetHints":{"allow":["GET"]}}],"collection":[{"href":"https:\/\/softlinefurniture.com\/de\/wp-json\/wp\/v2\/product"}],"about":[{"href":"https:\/\/softlinefurniture.com\/de\/wp-json\/wp\/v2\/types\/product"}],"replies":[{"embeddable":true,"href":"https:\/\/softlinefurniture.com\/de\/wp-json\/wp\/v2\/comments?post=32094"}],"version-history":[{"count":0,"href":"https:\/\/softlinefurniture.com\/de\/wp-json\/wp\/v2\/product\/32094\/revisions"}],"wp:featuredmedia":[{"embeddable":true,"href":"https:\/\/softlinefurniture.com\/de\/wp-json\/wp\/v2\/media\/45505"}],"wp:attachment":[{"href":"https:\/\/softlinefurniture.com\/de\/wp-json\/wp\/v2\/media?parent=32094"}],"wp:term":[{"taxonomy":"product_brand","embeddable":true,"href":"https:\/\/softlinefurniture.com\/de\/wp-json\/wp\/v2\/product_brand?post=32094"},{"taxonomy":"product_cat","embeddable":true,"href":"https:\/\/softlinefurniture.com\/de\/wp-json\/wp\/v2\/product_cat?post=32094"},{"taxonomy":"product_tag","embeddable":true,"href":"https:\/\/softlinefurniture.com\/de\/wp-json\/wp\/v2\/product_tag?post=32094"}],"curies":[{"name":"wp","href":"https:\/\/api.w.org\/{rel}","templated":true}]}}