{"id":32107,"date":"2020-06-08T23:27:51","date_gmt":"2020-06-08T21:27:51","guid":{"rendered":"https:\/\/softlinefurniture.com\/product\/sleep-schlafsofa\/"},"modified":"2026-03-13T11:24:42","modified_gmt":"2026-03-13T10:24:42","slug":"sleep-schlafsofa","status":"publish","type":"product","link":"https:\/\/softlinefurniture.com\/de\/produkt\/sleep-schlafsofa\/","title":{"rendered":"SLEEP Schlafsofa"},"content":{"rendered":"<p><strong>Funktionales Designer-Sofa<br \/>\n<\/strong>SLEEP ist ein \u00e4u\u00dferst beliebtes Modell, das sowohl als Sofa als auch als Einzel-\/Doppelbett verwendet werden kann. Mit Komfort, Multifunktionalit\u00e4t und einer<br \/>\nR\u00fcckenlehne, die so eingestellt werden kann, dass sie genau zu Ihnen passt, ist es den Designern gelungen, die Form der Funktion folgen zu lassen und ein brillantes und schlichtes Schlafsofa zu schaffen, das die Zeit, die Funktionalit\u00e4t und die \u00c4sthetik \u00fcbertrifft. Entworfen im Jahr 1999 von Busk+Hertzog und bereits ein moderner Designklassiker.<\/p>\n","protected":false},"excerpt":{"rendered":"<p>Funktionales Designer-Sofa SLEEP ist ein \u00e4u\u00dferst beliebtes Modell, das sowohl als Sofa als auch als Einzel-\/Doppelbett verwendet werden kann. Mit Komfort, Multifunktionalit\u00e4t und einer R\u00fcckenlehne, die so eingestellt werden kann, dass sie genau zu Ihnen passt, ist es den Designern gelungen, die Form der Funktion folgen zu lassen und ein brillantes und schlichtes Schlafsofa zu [&hellip;]<\/p>\n","protected":false},"featured_media":89598,"comment_status":"closed","ping_status":"closed","template":"","meta":{"_acf_changed":false},"product_brand":[48696],"product_cat":[6258,6257],"product_tag":[6274,34680],"class_list":{"0":"post-32107","1":"product","2":"type-product","3":"status-publish","4":"has-post-thumbnail","6":"product_brand-sleep","7":"product_cat-kollektionen","8":"product_cat-schlafsofas","9":"product_tag-funktion","10":"product_tag-sofa-de","11":"pa_covers-reinigung-bezuge-mit-dem-symbol-p-konnen-chemisch-gereinigt-werden-ersatzbezuge-sind-lieferbar-wenn-sie-eine-neue-farbe-oder-einen-neuen-stoff-mochten-de","13":"first","14":"instock","15":"shipping-taxable","16":"purchasable","17":"product-type-variable"},"acf":[],"_links":{"self":[{"href":"https:\/\/softlinefurniture.com\/de\/wp-json\/wp\/v2\/product\/32107","targetHints":{"allow":["GET"]}}],"collection":[{"href":"https:\/\/softlinefurniture.com\/de\/wp-json\/wp\/v2\/product"}],"about":[{"href":"https:\/\/softlinefurniture.com\/de\/wp-json\/wp\/v2\/types\/product"}],"replies":[{"embeddable":true,"href":"https:\/\/softlinefurniture.com\/de\/wp-json\/wp\/v2\/comments?post=32107"}],"version-history":[{"count":0,"href":"https:\/\/softlinefurniture.com\/de\/wp-json\/wp\/v2\/product\/32107\/revisions"}],"wp:featuredmedia":[{"embeddable":true,"href":"https:\/\/softlinefurniture.com\/de\/wp-json\/wp\/v2\/media\/89598"}],"wp:attachment":[{"href":"https:\/\/softlinefurniture.com\/de\/wp-json\/wp\/v2\/media?parent=32107"}],"wp:term":[{"taxonomy":"product_brand","embeddable":true,"href":"https:\/\/softlinefurniture.com\/de\/wp-json\/wp\/v2\/product_brand?post=32107"},{"taxonomy":"product_cat","embeddable":true,"href":"https:\/\/softlinefurniture.com\/de\/wp-json\/wp\/v2\/product_cat?post=32107"},{"taxonomy":"product_tag","embeddable":true,"href":"https:\/\/softlinefurniture.com\/de\/wp-json\/wp\/v2\/product_tag?post=32107"}],"curies":[{"name":"wp","href":"https:\/\/api.w.org\/{rel}","templated":true}]}}