{"id":32152,"date":"2020-06-08T19:45:56","date_gmt":"2020-06-08T17:45:56","guid":{"rendered":"https:\/\/softlinefurniture.com\/product\/swing-kissen\/"},"modified":"2026-03-13T11:30:49","modified_gmt":"2026-03-13T10:30:49","slug":"swing-kissen","status":"publish","type":"product","link":"https:\/\/softlinefurniture.com\/de\/produkt\/swing-kissen\/","title":{"rendered":"SWING Kissen"},"content":{"rendered":"<p><strong>Farbe, Komfort und Atmosph\u00e4re<\/strong><br \/>\nDekorieren Sie Ihr Zuhause mit sch\u00f6nen Kissen &#8211; erh\u00e4ltlich in denselben Farben und Stoffen wie der Rest der SOFTLINE-Kollektion.<\/p>\n","protected":false},"excerpt":{"rendered":"<p>Farbe, Komfort und Atmosph\u00e4re Dekorieren Sie Ihr Zuhause mit sch\u00f6nen Kissen &#8211; erh\u00e4ltlich in denselben Farben und Stoffen wie der Rest der SOFTLINE-Kollektion.<\/p>\n","protected":false},"featured_media":81044,"comment_status":"closed","ping_status":"closed","template":"","meta":{"_acf_changed":false},"product_brand":[48716],"product_cat":[6245,6258],"product_tag":[],"class_list":{"0":"post-32152","1":"product","2":"type-product","3":"status-publish","4":"has-post-thumbnail","6":"product_brand-swing","7":"product_cat-kissen","8":"product_cat-kollektionen","9":"pa_covers-abnehmbare-bezuge-reinigung-bezuge-mit-dem-symbol-p-konnen-chemisch-gereinigt-werden-ersatzbezuge-sind-lieferbar-wenn-sie-eine-neue-farbe-oder-einen-neuen-stoff-mochten-de","11":"first","12":"instock","13":"shipping-taxable","14":"purchasable","15":"product-type-variable"},"acf":[],"_links":{"self":[{"href":"https:\/\/softlinefurniture.com\/de\/wp-json\/wp\/v2\/product\/32152","targetHints":{"allow":["GET"]}}],"collection":[{"href":"https:\/\/softlinefurniture.com\/de\/wp-json\/wp\/v2\/product"}],"about":[{"href":"https:\/\/softlinefurniture.com\/de\/wp-json\/wp\/v2\/types\/product"}],"replies":[{"embeddable":true,"href":"https:\/\/softlinefurniture.com\/de\/wp-json\/wp\/v2\/comments?post=32152"}],"version-history":[{"count":0,"href":"https:\/\/softlinefurniture.com\/de\/wp-json\/wp\/v2\/product\/32152\/revisions"}],"wp:featuredmedia":[{"embeddable":true,"href":"https:\/\/softlinefurniture.com\/de\/wp-json\/wp\/v2\/media\/81044"}],"wp:attachment":[{"href":"https:\/\/softlinefurniture.com\/de\/wp-json\/wp\/v2\/media?parent=32152"}],"wp:term":[{"taxonomy":"product_brand","embeddable":true,"href":"https:\/\/softlinefurniture.com\/de\/wp-json\/wp\/v2\/product_brand?post=32152"},{"taxonomy":"product_cat","embeddable":true,"href":"https:\/\/softlinefurniture.com\/de\/wp-json\/wp\/v2\/product_cat?post=32152"},{"taxonomy":"product_tag","embeddable":true,"href":"https:\/\/softlinefurniture.com\/de\/wp-json\/wp\/v2\/product_tag?post=32152"}],"curies":[{"name":"wp","href":"https:\/\/api.w.org\/{rel}","templated":true}]}}