{"id":32179,"date":"2020-06-08T19:28:49","date_gmt":"2020-06-08T17:28:49","guid":{"rendered":"https:\/\/softlinefurniture.com\/product\/unit-hocker\/"},"modified":"2026-03-13T11:35:36","modified_gmt":"2026-03-13T10:35:36","slug":"unit-hocker","status":"publish","type":"product","link":"https:\/\/softlinefurniture.com\/de\/produkt\/unit-hocker\/","title":{"rendered":"UNIT Hocker"},"content":{"rendered":"<p><strong>\u00c4ndern Sie es auf<\/strong><br \/>\nUNIT ist eine Serie von Poufs mit einem starken Look und einer verspielten Pers\u00f6nlichkeit. Der Pouf hat acht gleich lange Seiten, die so zusammenpassen, dass Sie eine unendliche Vielfalt an Mustern kreieren k\u00f6nnen, indem Sie die Poufs einfach umherbewegen &#8211; es gibt keine Grenzen. Der UNIT-Pouf ist ein interessantes Beispiel f\u00fcr ein M\u00f6belst\u00fcck, das neu arrangiert werden kann, um in einer ver\u00e4nderbaren Umgebung auf unterschiedliche Weise zu funktionieren.<\/p>\n","protected":false},"excerpt":{"rendered":"<p>\u00c4ndern Sie es auf UNIT ist eine Serie von Poufs mit einem starken Look und einer verspielten Pers\u00f6nlichkeit. Der Pouf hat acht gleich lange Seiten, die so zusammenpassen, dass Sie eine unendliche Vielfalt an Mustern kreieren k\u00f6nnen, indem Sie die Poufs einfach umherbewegen &#8211; es gibt keine Grenzen. Der UNIT-Pouf ist ein interessantes Beispiel f\u00fcr [&hellip;]<\/p>\n","protected":false},"featured_media":43079,"comment_status":"closed","ping_status":"closed","template":"","meta":{"_acf_changed":false},"product_brand":[48736],"product_cat":[6251,6258,6253],"product_tag":[],"class_list":{"0":"post-32179","1":"product","2":"type-product","3":"status-publish","4":"has-post-thumbnail","6":"product_brand-unit","7":"product_cat-kindermoebel","8":"product_cat-kollektionen","9":"product_cat-pouf-hocker","10":"pa_covers-abnehmbare-bezuge-reinigung-bezuge-mit-dem-symbol-p-konnen-chemisch-gereinigt-werden-ersatzbezuge-sind-lieferbar-wenn-sie-eine-neue-farbe-oder-einen-neuen-stoff-mochten-de","12":"first","13":"instock","14":"shipping-taxable","15":"purchasable","16":"product-type-variable"},"acf":[],"_links":{"self":[{"href":"https:\/\/softlinefurniture.com\/de\/wp-json\/wp\/v2\/product\/32179","targetHints":{"allow":["GET"]}}],"collection":[{"href":"https:\/\/softlinefurniture.com\/de\/wp-json\/wp\/v2\/product"}],"about":[{"href":"https:\/\/softlinefurniture.com\/de\/wp-json\/wp\/v2\/types\/product"}],"replies":[{"embeddable":true,"href":"https:\/\/softlinefurniture.com\/de\/wp-json\/wp\/v2\/comments?post=32179"}],"version-history":[{"count":0,"href":"https:\/\/softlinefurniture.com\/de\/wp-json\/wp\/v2\/product\/32179\/revisions"}],"wp:featuredmedia":[{"embeddable":true,"href":"https:\/\/softlinefurniture.com\/de\/wp-json\/wp\/v2\/media\/43079"}],"wp:attachment":[{"href":"https:\/\/softlinefurniture.com\/de\/wp-json\/wp\/v2\/media?parent=32179"}],"wp:term":[{"taxonomy":"product_brand","embeddable":true,"href":"https:\/\/softlinefurniture.com\/de\/wp-json\/wp\/v2\/product_brand?post=32179"},{"taxonomy":"product_cat","embeddable":true,"href":"https:\/\/softlinefurniture.com\/de\/wp-json\/wp\/v2\/product_cat?post=32179"},{"taxonomy":"product_tag","embeddable":true,"href":"https:\/\/softlinefurniture.com\/de\/wp-json\/wp\/v2\/product_tag?post=32179"}],"curies":[{"name":"wp","href":"https:\/\/api.w.org\/{rel}","templated":true}]}}