{"id":32185,"date":"2020-06-04T10:47:46","date_gmt":"2020-06-04T08:47:46","guid":{"rendered":"https:\/\/softlinefurniture.com\/product\/venice-chair\/"},"modified":"2026-03-13T11:35:44","modified_gmt":"2026-03-13T10:35:44","slug":"venice-sessel","status":"publish","type":"product","link":"https:\/\/softlinefurniture.com\/de\/produkt\/venice-sessel\/","title":{"rendered":"VENICE Sessel"},"content":{"rendered":"<p><strong>Vollst\u00e4ndig gepolsterter Komfort<\/strong><br \/>\nEin vielseitiger, vollgepolsterter Loungesessel in einem bequemen und einladenden Design, der sich f\u00fcr private und \u00f6ffentliche R\u00e4ume gleicherma\u00dfen eignet. Die Armlehne ist in die R\u00fcckenlehne integriert und bildet zusammen mit der ovalen Sitzfl\u00e4che ein einheitliches Design, das je nach Stoffauswahl sowohl zu bestehenden als auch zu neuen M\u00f6beln passt.<\/p>\n","protected":false},"excerpt":{"rendered":"<p>Vollst\u00e4ndig gepolsterter Komfort Ein vielseitiger, vollgepolsterter Loungesessel in einem bequemen und einladenden Design, der sich f\u00fcr private und \u00f6ffentliche R\u00e4ume gleicherma\u00dfen eignet. Die Armlehne ist in die R\u00fcckenlehne integriert und bildet zusammen mit der ovalen Sitzfl\u00e4che ein einheitliches Design, das je nach Stoffauswahl sowohl zu bestehenden als auch zu neuen M\u00f6beln passt.<\/p>\n","protected":false},"featured_media":81692,"comment_status":"closed","ping_status":"closed","template":"","meta":{"_acf_changed":false},"product_brand":[48740],"product_cat":[6258,6249],"product_tag":[],"class_list":{"0":"post-32185","1":"product","2":"type-product","3":"status-publish","4":"has-post-thumbnail","6":"product_brand-venice","7":"product_cat-kollektionen","8":"product_cat-lounge-sessel","9":"pa_covers-abnehmbare-bezuge-reinigung-bezuge-mit-dem-symbol-p-konnen-chemisch-gereinigt-werden-ersatzbezuge-sind-lieferbar-wenn-sie-eine-neue-farbe-oder-einen-neuen-stoff-mochten-de","11":"first","12":"instock","13":"shipping-taxable","14":"purchasable","15":"product-type-variable"},"acf":[],"_links":{"self":[{"href":"https:\/\/softlinefurniture.com\/de\/wp-json\/wp\/v2\/product\/32185","targetHints":{"allow":["GET"]}}],"collection":[{"href":"https:\/\/softlinefurniture.com\/de\/wp-json\/wp\/v2\/product"}],"about":[{"href":"https:\/\/softlinefurniture.com\/de\/wp-json\/wp\/v2\/types\/product"}],"replies":[{"embeddable":true,"href":"https:\/\/softlinefurniture.com\/de\/wp-json\/wp\/v2\/comments?post=32185"}],"version-history":[{"count":0,"href":"https:\/\/softlinefurniture.com\/de\/wp-json\/wp\/v2\/product\/32185\/revisions"}],"wp:featuredmedia":[{"embeddable":true,"href":"https:\/\/softlinefurniture.com\/de\/wp-json\/wp\/v2\/media\/81692"}],"wp:attachment":[{"href":"https:\/\/softlinefurniture.com\/de\/wp-json\/wp\/v2\/media?parent=32185"}],"wp:term":[{"taxonomy":"product_brand","embeddable":true,"href":"https:\/\/softlinefurniture.com\/de\/wp-json\/wp\/v2\/product_brand?post=32185"},{"taxonomy":"product_cat","embeddable":true,"href":"https:\/\/softlinefurniture.com\/de\/wp-json\/wp\/v2\/product_cat?post=32185"},{"taxonomy":"product_tag","embeddable":true,"href":"https:\/\/softlinefurniture.com\/de\/wp-json\/wp\/v2\/product_tag?post=32185"}],"curies":[{"name":"wp","href":"https:\/\/api.w.org\/{rel}","templated":true}]}}